{"id":7348,"date":"2020-12-01T10:59:44","date_gmt":"2020-12-01T09:59:44","guid":{"rendered":"https:\/\/color-jack.com\/?page_id=7348"},"modified":"2026-01-19T16:30:07","modified_gmt":"2026-01-19T15:30:07","slug":"datenschutz-app","status":"publish","type":"page","link":"https:\/\/color-jack.com\/de\/datenschutz-app\/","title":{"rendered":"Datenschutzerkl\u00e4rung f\u00fcr die App"},"content":{"rendered":"<div  class=\"tatsu-HJbx09mzCi tatsu-section  tatsu-bg-overlay   tatsu-clearfix\" data-title=\"\"  data-headerscheme=\"background--dark\"><div class='tatsu-section-pad clearfix' data-padding='{\"d\":\"90px 0px 45px 0px\"}' data-padding-top='90px'><div class=\"tatsu-row-wrap  tatsu-wrap tatsu-row-one-col tatsu-row-has-one-cols tatsu-medium-gutter tatsu-reg-cols  tatsu-clearfix tatsu-SJge09QfCi\" ><div  class=\"tatsu-row \" ><div  class=\"tatsu-column  tatsu-bg-overlay tatsu-one-col tatsu-column-image-none tatsu-column-effect-none  tatsu-S1x0q7fRi\"  data-parallax-speed=\"0\" style=\"\"><div class=\"tatsu-column-inner \" ><div class=\"tatsu-column-pad-wrap\"><div class=\"tatsu-column-pad\" ><div  class=\"tatsu-module tatsu-text-block-wrap tatsu-r1q0cXM0s  \"><div class=\"tatsu-text-inner tatsu-align-center  clearfix\" ><style>.tatsu-r1q0cXM0s.tatsu-text-block-wrap .tatsu-text-inner{width: 100%;text-align: left;}<\/style>\n<h1 style=\"text-align: center;\">Datenschutzerkl\u00e4rung f\u00fcr die App<\/h1>\n<\/div><\/div><\/div><\/div><div class = \"tatsu-column-bg-image-wrap\"><div class = \"tatsu-column-bg-image\" ><\/div><\/div><div class=\"tatsu-overlay tatsu-column-overlay tatsu-animate-none\" ><\/div><\/div><style>.tatsu-row > .tatsu-S1x0q7fRi.tatsu-column{width: 100%;}.tatsu-S1x0q7fRi.tatsu-column > .tatsu-column-inner > .tatsu-column-overlay{mix-blend-mode: normal;}.tatsu-S1x0q7fRi > .tatsu-column-inner > .tatsu-top-divider{z-index: 9999;}.tatsu-S1x0q7fRi > .tatsu-column-inner > .tatsu-bottom-divider{z-index: 9999;}.tatsu-S1x0q7fRi > .tatsu-column-inner > .tatsu-left-divider{z-index: 9999;}.tatsu-S1x0q7fRi > .tatsu-column-inner > .tatsu-right-divider{z-index: 9999;}@media only screen and (max-width:1377px) {.tatsu-row > .tatsu-S1x0q7fRi.tatsu-column{width: 100%;}}@media only screen and (min-width:768px) and (max-width: 1024px) {.tatsu-row > .tatsu-S1x0q7fRi.tatsu-column{width: 100%;}}@media only screen and (max-width: 767px) {.tatsu-row > .tatsu-S1x0q7fRi.tatsu-column{width: 100%;}}<\/style><\/div><\/div><\/div><\/div><div class=\"tatsu-section-background-wrap\"><div class = \"tatsu-section-background\" ><\/div><\/div><div class=\"tatsu-overlay tatsu-section-overlay\"><\/div><style>.tatsu-HJbx09mzCi .tatsu-section-pad{padding: 90px 0px 45px 0px;}.tatsu-HJbx09mzCi .tatsu-section-offset-wrap{transform: translateY(-0px);}.tatsu-HJbx09mzCi > .tatsu-bottom-divider{z-index: 9999;}.tatsu-HJbx09mzCi > .tatsu-top-divider{z-index: 9999;}.tatsu-HJbx09mzCi .tatsu-section-overlay{mix-blend-mode: normal;}<\/style><\/div><div id=\"impressum\" class=\"tatsu-1NOIaM5kMx tatsu-section  tatsu-bg-overlay   tatsu-clearfix\" data-title=\"\"  data-headerscheme=\"background--dark\"><div class='tatsu-section-pad clearfix' data-padding='{\"d\":\"45px 0px 90px 0px\"}' data-padding-top='45px'><div class=\"tatsu-row-wrap  tatsu-wrap tatsu-row-one-col tatsu-row-has-one-cols tatsu-medium-gutter tatsu-reg-cols  tatsu-clearfix tatsu-ka0vuS0M9d\" ><style>.tatsu-ka0vuS0M9d.tatsu-row-wrap > .tatsu-row{padding: 0px 10% 0px 10%;}@media only screen and (min-width:768px) and (max-width: 1024px) {.tatsu-ka0vuS0M9d.tatsu-row-wrap > .tatsu-row{padding: 0px 0% 0px 0%;}}@media only screen and (max-width: 767px) {.tatsu-ka0vuS0M9d.tatsu-row-wrap > .tatsu-row{padding: 0px 0% 0px 0%;}}<\/style><div  class=\"tatsu-row \" ><div  class=\"tatsu-column  tatsu-bg-overlay tatsu-one-col tatsu-column-image-none tatsu-column-effect-none  tatsu-usuu9tNhU\"  data-parallax-speed=\"0\" style=\"\"><div class=\"tatsu-column-inner \" ><div class=\"tatsu-column-pad-wrap\"><div class=\"tatsu-column-pad\" ><div  class=\"tatsu-module tatsu-text-block-wrap tatsu-u5wJwqcor  \"><div class=\"tatsu-text-inner tatsu-align-center  clearfix\" ><style>.tatsu-u5wJwqcor.tatsu-text-block-wrap .tatsu-text-inner{width: 100%;text-align: left;}<\/style>\n<h2 style=\"margin-top: 0;\">1. Allgemeines<\/h2>\n<p>COLOR CHECK ist eine digitale App, die man herunterladen oder auf <a href=\"https:\/\/app.color-jack.com\" target=\"_blank\" rel=\"noopener noreferrer\">https:\/\/app.color-jack.com<\/a> verwenden kann. Betreiber und Verantwortlicher im Sinne des Datenschutzes ist COLOR CHECK GMBH, Spatzenweg 12, 83209 Prien. Bei Fragen zum Datenschutz k\u00f6nnen Sie uns unter <a href=\"mailto:info@color-check.net\">info@color-check.net<\/a> schreiben. Der Schutz Ihrer Daten ist uns besonders wichtig. Ihre Daten werden von uns nicht gesammelt und nicht an Dritte weitergegeben.<\/p>\n<\/div><\/div><div  class=\"tatsu-module tatsu-text-block-wrap tatsu-cEW-JcbVp  \"><div class=\"tatsu-text-inner tatsu-align-center  clearfix\" ><style>.tatsu-cEW-JcbVp.tatsu-text-block-wrap .tatsu-text-inner{width: 100%;text-align: left;}<\/style>\n<h2>2. Welche Daten speichert COLOR JACK?<\/h2>\n<p>In der App k\u00f6nnen Sie eine pers\u00f6nlichen Liste von Lieblingsfarben erstellen sowie Einstellungen der Sprachauswahl vornehmen. Diese Daten speichert COLOR CHECK auf Ihrem Ger\u00e4t.<\/p>\n<p>Wenn Sie die Farben per E-Mail senden m\u00f6chten, fragen wir Sie nach Absender- und Empf\u00e4nger E-Mail-Adressen. Alle vom Benutzer in die App eingegebenen Daten wie Namen und E-Mail-Adressen werden nur einmal zum Senden der E-Mail verwendet. Wir speichern diese Informationen aus Datenschutzgr\u00fcnden nicht.<\/p>\n<p>Wenn Sie mit uns per E-Mail Kontakt aufnehmen, wird diese Nachricht, Ihre E-Mail-Adresse, das Datum und die Uhrzeit der Nachricht gespeichert, damit wir mit Ihnen kommunizieren k\u00f6nnen.<\/p>\n<\/div><\/div><div  class=\"tatsu-module tatsu-text-block-wrap tatsu-aEut3UgAC  \"><div class=\"tatsu-text-inner tatsu-align-center  clearfix\" ><style>.tatsu-aEut3UgAC.tatsu-text-block-wrap .tatsu-text-inner{width: 100%;text-align: left;}<\/style>\n<h2>3. Wie lange werden die Daten gespeichert?<\/h2>\n<p>Daten wie Lieblingsfarben und Spracheinstellung werden solange gespeichert, wie Sie COLOR CHECK nutzen. Ihre personenbezogenen Daten werden gel\u00f6scht oder gesperrt, sobald der Zweck der Speicherung entf\u00e4llt.<\/p>\n<\/div><\/div><div  class=\"tatsu-module tatsu-text-block-wrap tatsu-9tDkmQFxo  \"><div class=\"tatsu-text-inner tatsu-align-center  clearfix\" ><style>.tatsu-9tDkmQFxo.tatsu-text-block-wrap .tatsu-text-inner{width: 100%;text-align: left;}<\/style>\n<h2>4. Gibt COLOR CHECK Daten an Dritte weiter?<\/h2>\n<p>Nein, wir geben Ihre Daten nicht an Dritte weiter. Wir benutzen keine Google, Facebook, Amazon oder sonstige Produkt-Integrationen in COLOR CHECK, d.h. Ihre Daten werden wirklich nicht weitergegeben.<\/p>\n<\/div><\/div><div  class=\"tatsu-module tatsu-text-block-wrap tatsu-aDi5IpJZ8  \"><div class=\"tatsu-text-inner tatsu-align-center  clearfix\" ><style>.tatsu-aDi5IpJZ8.tatsu-text-block-wrap .tatsu-text-inner{width: 100%;text-align: left;}<\/style>\n<h2>5. Welche Daten k\u00f6nnen andere Nutzer\/innen sehen?<\/h2>\n<p>Andere Nutzer k\u00f6nnen Ihre Daten nicht sehen.<\/p>\n<\/div><\/div><div  class=\"tatsu-module tatsu-text-block-wrap tatsu-SoKz7sqSU  \"><div class=\"tatsu-text-inner tatsu-align-center  clearfix\" ><style>.tatsu-SoKz7sqSU.tatsu-text-block-wrap .tatsu-text-inner{width: 100%;text-align: left;}<\/style>\n<h2>6. Ihre Rechte<\/h2>\n<h3>6.1. Auskunftsrecht<\/h3>\n<p>Jede\/r Nutzer\/in hat das Recht, kostenlos Auskunft \u00fcber die zu seiner Person gespeicherten personenbezogenen Daten zu erhalten. Schicken Sie uns bitte eine E-Mail an info@color-check.net mit folgenden Angaben zu Ihrer Identifizierung: E-Mail-Adresse, Name.<\/p>\n<h3>6.2. Recht auf Berichtigung<\/h3>\n<p>Sie haben ein Recht auf Berichtigung und\/oder Vervollst\u00e4ndigung, sofern die verarbeiteten personenbezogenen Daten, die Sie betreffen, unrichtig oder unvollst\u00e4ndig sind.<\/p>\n<h3>6.3. Recht auf Einschr\u00e4nkung der Verarbeitung<\/h3>\n<p>Unter den folgenden Voraussetzungen k\u00f6nnen Sie die Einschr\u00e4nkung der Verarbeitung der Sie betreffenden personenbezogenen Daten verlangen:<\/p>\n<p>a. Wenn Sie die Richtigkeit der Sie betreffenden personenbezogenen Daten f\u00fcr eine Dauer bestreiten, die es uns erm\u00f6glicht, die Richtigkeit der personenbezogenen Daten zu \u00fcberpr\u00fcfen.<\/p>\n<p>b. Die Verarbeitung unrechtm\u00e4\u00dfig ist und Sie die L\u00f6schung der personenbezogenen Daten ablehnen und stattdessen die Einschr\u00e4nkung der Nutzung der personenbezogenen Daten verlangen.<\/p>\n<p>c. Wir die personenbezogenen Daten f\u00fcr die Zwecke der Verarbeitung nicht l\u00e4nger ben\u00f6tigen, Sie diese jedoch zur Geltendmachung, Aus\u00fcbung oder Verteidigung von Rechtsanspr\u00fcchen ben\u00f6tigen.<\/p>\n<p>d. Wenn Sie Widerspruch gegen die Verarbeitung gem\u00e4\u00df Art. 21 Abs. 1 DSGVO eingelegt haben und noch nicht feststeht, ob die berechtigten Gr\u00fcnde des Verantwortlichen gegen\u00fcber Ihren Gr\u00fcnden \u00fcberwiegen.<\/p>\n<p>e. Wurde die Verarbeitung der Sie betreffenden personenbezogenen Daten eingeschr\u00e4nkt, d\u00fcrfen diese Daten \u2013 von ihrer Speicherung abgesehen \u2013 nur mit Ihrer Einwilligung oder zur Geltendmachung, Aus\u00fcbung oder Verteidigung von Rechtsanspr\u00fcchen oder zum Schutz der Rechte einer anderen nat\u00fcrlichen oder juristischen Person oder aus Gr\u00fcnden eines wichtigen \u00f6ffentlichen Interesses der Union oder eines Mitgliedstaats verarbeitet werden. Wurde die Einschr\u00e4nkung der Verarbeitung nach den o.g. Voraussetzungen eingeschr\u00e4nkt, werden Sie von uns unterrichtet, bevor die Einschr\u00e4nkung aufgehoben wird.<\/p>\n<h3>6.4. Recht auf L\u00f6schung<\/h3>\n<p>Auf Wunsch l\u00f6schen wir Ihre Daten. Schicken Sie uns dazu bitte eine E-Mail an info@color-check.net mit folgenden Angaben zu Ihrer Identifizierung: E-Mail-Adresse, Name.<br \/>Um Ihre auf Ihren Ger\u00e4ten gespeicherten Daten zu l\u00f6schen, k\u00f6nnen Sie COLOR CHECK deinstallieren oder im Fall der Nutzung der Web-App Ihr Ger\u00e4t neu starten.<\/p>\n<h3>6.5. Recht auf Daten\u00fcbertragbarkeit<\/h3>\n<p>Sie haben das Recht, eine Kopie Ihrer personenbezogenen Daten im elektronischen Format zu verlangen und das Recht, diese personenbezogenen Daten f\u00fcr die Nutzung in dem Dienst eines anderen zu \u00fcbertragen. Auf Wunsch senden wir Ihnen eine Datei mit Ihren personenbezogenen Daten. Schicken Sie uns dazu bitte eine E-Mail an info@color-check.net mit folgenden Angaben zu Ihrer Identifizierung: E-Mail-Adresse, Name.<\/p>\n<h3>6.6. Widerspruchsrecht<\/h3>\n<p>Sie haben das Recht, aus Gr\u00fcnden, die sich aus Ihrer besonderen Situation ergeben, jederzeit gegen die Verarbeitung der Sie betreffenden personenbezogenen Daten, die aufgrund von Art. 6 Abs. 1 lit. e oder f DSGVO erfolgt, Widerspruch einzulegen.<\/p>\n<h3>6.7. Recht auf Widerruf der datenschutzrechtlichen Einwilligungserkl\u00e4rung<\/h3>\n<p>Sie haben das Recht, Ihre datenschutzrechtliche Einwilligungserkl\u00e4rung jederzeit zu widerrufen. Durch den Widerruf der Einwilligung wird die Rechtm\u00e4\u00dfigkeit der aufgrund der Einwilligung bis zum Widerruf erfolgten Verarbeitung nicht ber\u00fchrt.<\/p>\n<h3>6.8. Recht auf Beschwerde bei einer Aufsichtsbeh\u00f6rde<\/h3>\n<p>Unbeschadet eines anderweitigen verwaltungsrechtlichen oder gerichtlichen Rechtsbehelfs steht Ihnen das Recht auf Beschwerde bei einer Aufsichtsbeh\u00f6rde, insbesondere in dem Mitgliedstaat Ihres Aufenthaltsorts, Arbeitsplatzes oder des Ortes des mutma\u00dflichen Versto\u00dfes, zu, wenn Sie der Ansicht sind, dass die Verarbeitung der Sie betreffenden personenbezogenen Daten gegen die DSGVO verst\u00f6\u00dft. Die Aufsichtsbeh\u00f6rde, bei der die Beschwerde eingereicht wurde, unterrichtet den Beschwerdef\u00fchrer \u00fcber den Stand und die Ergebnisse der Beschwerde einschlie\u00dflich der M\u00f6glichkeit eines gerichtlichen Rechtsbehelfs nach Art. 78 DSGVO.<\/p>\n<\/div><\/div><div  class=\"tatsu-module tatsu-text-block-wrap tatsu-HbElkppgP  \"><div class=\"tatsu-text-inner tatsu-align-center  clearfix\" ><style>.tatsu-HbElkppgP.tatsu-text-block-wrap .tatsu-text-inner{width: 100%;text-align: left;}<\/style>\n<h2>7. Was ist die Rechtsgrundlage f\u00fcr die Verarbeitung?<\/h2>\n<p>Soweit wir f\u00fcr Verarbeitungsvorg\u00e4nge personenbezogener Daten eine Einwilligung der betroffenen Person einholen, dient Art. 6 Abs. 1 lit. a EU-Datenschutzgrundverordnung (DSGVO) als Rechtsgrundlage.<\/p>\n<p>Bei der Verarbeitung von personenbezogenen Daten, die zur Erf\u00fcllung eines Vertrages, dessen Vertragspartei die betroffene Person ist, erforderlich ist, dient Art. 6 Abs. 1 lit. b DSGVO als Rechtsgrundlage. Dies gilt auch f\u00fcr Verarbeitungsvorg\u00e4nge, die zur Durchf\u00fchrung vorvertraglicher Ma\u00dfnahmen erforderlich sind.<br \/>\nSoweit eine Verarbeitung personenbezogener Daten zur Erf\u00fcllung einer rechtlichen Verpflichtung erforderlich ist, der unser Unternehmen unterliegt, dient Art. 6 Abs. 1 lit. c DSGVO als Rechtsgrundlage.<\/p>\n<p>Ist die Verarbeitung zur Wahrung eines berechtigten Interesses unseres Unternehmens oder eines Dritten erforderlich und \u00fcberwiegen die Interessen, Grundrechte und Grundfreiheiten des Betroffenen das erstgenannte Interesse nicht, so dient Art. 6 Abs. 1 lit. f DSGVO als Rechtsgrundlage f\u00fcr die Verarbeitung.<\/p>\n<\/div><\/div><div  class=\"tatsu-module tatsu-text-block-wrap tatsu-J642nK3fQ  \"><div class=\"tatsu-text-inner tatsu-align-center  clearfix\" ><style>.tatsu-J642nK3fQ.tatsu-text-block-wrap .tatsu-text-inner{width: 100%;text-align: left;}<\/style>\n<h2>8. Begriffserl\u00e4uterung<\/h2>\n<p><strong>EU-DSGVO:<\/strong> Die Verordnung (EU) 2016\/679 des Europ\u00e4ischen Parlaments und des Rates vom 27. April 2016 zum Schutz nat\u00fcrlicher Personen bei der Verarbeitung personenbezogener Daten, zum freien Datenverkehr und zur Aufhebung der Richtlinie 95\/46\/EG (Datenschutz-Grundverordnung).<\/p>\n<p><strong>Personenbezogene Daten:<\/strong> Gem\u00e4\u00df Art. 4 Ziffer 1 EU-DSGVO alle Informationen, die sich auf eine identifizierte oder identifizierbare nat\u00fcrliche Person beziehen; als identifizierbar wird eine nat\u00fcrliche Person angesehen, die direkt oder indirekt, insbesondere mittels Zuordnung zu einer Kennung wie einem Namen, zu einer Kennnummer, zu Standortdaten, zu einer Online-Kennung oder zu einem oder mehreren besonderen Merkmalen identifiziert werden kann, die Ausdruck der physischen, physiologischen, genetischen, psychischen, wirtschaftlichen, kulturellen oder sozialen Identit\u00e4t dieser nat\u00fcrlichen Person sind.<\/p>\n<\/div><\/div><\/div><\/div><div class = \"tatsu-column-bg-image-wrap\"><div class = \"tatsu-column-bg-image\" ><\/div><\/div><div class=\"tatsu-overlay tatsu-column-overlay tatsu-animate-none\" ><\/div><\/div><style>.tatsu-row > .tatsu-usuu9tNhU.tatsu-column{width: 100%;}.tatsu-usuu9tNhU.tatsu-column > .tatsu-column-inner > .tatsu-column-overlay{mix-blend-mode: normal;}.tatsu-usuu9tNhU > .tatsu-column-inner > .tatsu-top-divider{z-index: 9999;}.tatsu-usuu9tNhU > .tatsu-column-inner > .tatsu-bottom-divider{z-index: 9999;}.tatsu-usuu9tNhU > .tatsu-column-inner > .tatsu-left-divider{z-index: 9999;}.tatsu-usuu9tNhU > .tatsu-column-inner > .tatsu-right-divider{z-index: 9999;}@media only screen and (max-width:1377px) {.tatsu-row > .tatsu-usuu9tNhU.tatsu-column{width: 100%;}}@media only screen and (min-width:768px) and (max-width: 1024px) {.tatsu-row > .tatsu-usuu9tNhU.tatsu-column{width: 100%;}.tatsu-usuu9tNhU.tatsu-column > .tatsu-column-inner > .tatsu-column-pad-wrap > .tatsu-column-pad{padding: 0px 5% 0px 5%;}}@media only screen and (max-width: 767px) {.tatsu-row > .tatsu-usuu9tNhU.tatsu-column{width: 100%;}.tatsu-usuu9tNhU.tatsu-column > .tatsu-column-inner > .tatsu-column-pad-wrap > .tatsu-column-pad{padding: 0px 0% 0px 0%;}}<\/style><\/div><\/div><\/div><\/div><div class=\"tatsu-section-background-wrap\"><div class = \"tatsu-section-background\" ><\/div><\/div><div class=\"tatsu-overlay tatsu-section-overlay\"><\/div><style>.tatsu-1NOIaM5kMx .tatsu-section-pad{padding: 45px 0px 90px 0px;}.tatsu-1NOIaM5kMx .tatsu-section-offset-wrap{transform: translateY(-0px);}.tatsu-1NOIaM5kMx > .tatsu-bottom-divider{z-index: 9999;}.tatsu-1NOIaM5kMx > .tatsu-top-divider{z-index: 9999;}.tatsu-1NOIaM5kMx .tatsu-section-overlay{mix-blend-mode: normal;}<\/style><\/div>\n","protected":false},"excerpt":{"rendered":"<div><a href=\"https:\/\/color-jack.com\/de\/datenschutz-app\/\" class=\"exp-read-more exp-read-more-underlined\">Read More<\/a><\/div>\n","protected":false},"author":2,"featured_media":0,"parent":0,"menu_order":13,"comment_status":"closed","ping_status":"closed","template":"","meta":{"footnotes":""},"class_list":["post-7348","page","type-page","status-publish","hentry"],"_links":{"self":[{"href":"https:\/\/color-jack.com\/de\/wp-json\/wp\/v2\/pages\/7348","targetHints":{"allow":["GET"]}}],"collection":[{"href":"https:\/\/color-jack.com\/de\/wp-json\/wp\/v2\/pages"}],"about":[{"href":"https:\/\/color-jack.com\/de\/wp-json\/wp\/v2\/types\/page"}],"author":[{"embeddable":true,"href":"https:\/\/color-jack.com\/de\/wp-json\/wp\/v2\/users\/2"}],"replies":[{"embeddable":true,"href":"https:\/\/color-jack.com\/de\/wp-json\/wp\/v2\/comments?post=7348"}],"version-history":[{"count":7,"href":"https:\/\/color-jack.com\/de\/wp-json\/wp\/v2\/pages\/7348\/revisions"}],"predecessor-version":[{"id":8827,"href":"https:\/\/color-jack.com\/de\/wp-json\/wp\/v2\/pages\/7348\/revisions\/8827"}],"wp:attachment":[{"href":"https:\/\/color-jack.com\/de\/wp-json\/wp\/v2\/media?parent=7348"}],"curies":[{"name":"wp","href":"https:\/\/api.w.org\/{rel}","templated":true}]}}