{"id":7739,"date":"2023-02-04T19:47:44","date_gmt":"2023-02-04T18:47:44","guid":{"rendered":"https:\/\/color-jack.com\/de\/?page_id=7739"},"modified":"2026-01-19T16:08:57","modified_gmt":"2026-01-19T15:08:57","slug":"color-jack-farbscanner","status":"publish","type":"page","link":"https:\/\/color-jack.com\/de\/tools\/color-jack-farbscanner\/","title":{"rendered":"COLOR CHECK Farbscanner"},"content":{"rendered":"<div  class=\"tatsu-rJZmdzmzAi tatsu-section  tatsu-bg-overlay   tatsu-clearfix\" data-title=\"\"  data-headerscheme=\"background--dark\"><div class='tatsu-section-pad clearfix' data-padding='{\"d\":\"90px 0px 30px 0px\"}' data-padding-top='90px'><div class=\"tatsu-row-wrap  tatsu-wrap tatsu-row-one-col tatsu-row-has-one-cols tatsu-medium-gutter tatsu-reg-cols  tatsu-clearfix tatsu-SkxXOfQfCi\" ><div  class=\"tatsu-row \" ><div  class=\"tatsu-column  tatsu-bg-overlay tatsu-one-col tatsu-column-image-none tatsu-column-effect-none  tatsu-HJm_GQz0j\"  data-parallax-speed=\"0\" style=\"\"><div class=\"tatsu-column-inner \" ><div class=\"tatsu-column-pad-wrap\"><div class=\"tatsu-column-pad\" ><div  class=\"tatsu-module tatsu-text-block-wrap tatsu-rJ61mQG0s  \"><div class=\"tatsu-text-inner tatsu-align-center  clearfix\" ><style>.tatsu-rJ61mQG0s.tatsu-text-block-wrap .tatsu-text-inner{width: 100%;text-align: left;}<\/style>\n<h1 style=\"text-align: center;\">Unser Farbscanner: mobil und genau!<\/h1>\n<\/div><\/div><\/div><\/div><div class = \"tatsu-column-bg-image-wrap\"><div class = \"tatsu-column-bg-image\" ><\/div><\/div><div class=\"tatsu-overlay tatsu-column-overlay tatsu-animate-none\" ><\/div><\/div><style>.tatsu-row > .tatsu-HJm_GQz0j.tatsu-column{width: 100%;}.tatsu-HJm_GQz0j.tatsu-column > .tatsu-column-inner > .tatsu-column-overlay{mix-blend-mode: normal;}.tatsu-HJm_GQz0j > .tatsu-column-inner > .tatsu-top-divider{z-index: 9999;}.tatsu-HJm_GQz0j > .tatsu-column-inner > .tatsu-bottom-divider{z-index: 9999;}.tatsu-HJm_GQz0j > .tatsu-column-inner > .tatsu-left-divider{z-index: 9999;}.tatsu-HJm_GQz0j > .tatsu-column-inner > .tatsu-right-divider{z-index: 9999;}@media only screen and (max-width:1377px) {.tatsu-row > .tatsu-HJm_GQz0j.tatsu-column{width: 100%;}}@media only screen and (min-width:768px) and (max-width: 1024px) {.tatsu-row > .tatsu-HJm_GQz0j.tatsu-column{width: 100%;}}@media only screen and (max-width: 767px) {.tatsu-row > .tatsu-HJm_GQz0j.tatsu-column{width: 100%;}}<\/style><\/div><\/div><\/div><\/div><div class=\"tatsu-section-background-wrap\"><div class = \"tatsu-section-background\" ><\/div><\/div><div class=\"tatsu-overlay tatsu-section-overlay\"><\/div><style>.tatsu-rJZmdzmzAi .tatsu-section-pad{padding: 90px 0px 30px 0px;}.tatsu-rJZmdzmzAi .tatsu-section-offset-wrap{transform: translateY(-0px);}.tatsu-rJZmdzmzAi > .tatsu-bottom-divider{z-index: 9999;}.tatsu-rJZmdzmzAi > .tatsu-top-divider{z-index: 9999;}.tatsu-rJZmdzmzAi .tatsu-section-overlay{mix-blend-mode: normal;}<\/style><\/div><div  class=\"tatsu-B1uvuB-no tatsu-section    tatsu-clearfix\" data-title=\"\"  data-headerscheme=\"background--dark\"><div class='tatsu-section-pad clearfix' data-padding='{\"d\":\"40px 0px 0px 0px\",\"m\":\"50px 0px 0px 0px\"}' data-padding-top='50px'><div class=\"tatsu-row-wrap  tatsu-wrap tatsu-row-has-one-half tatsu-row-has-two-cols tatsu-medium-gutter tatsu-eq-cols tatsu-animate tatsu-clearfix tatsu-SJxdwuBZno\" data-animation=\"fadeIn\" data-animation-delay=\"100\" data-animation-duration=\"400\"><style>@media only screen and (max-width: 767px) {.tatsu-SJxdwuBZno.tatsu-row-wrap > .tatsu-row{padding: 0px 0px 0px 0px;}}<\/style><div  class=\"tatsu-row \" ><div  class=\"tatsu-column  tatsu-bg-overlay tatsu-one-half tatsu-column-align-middle tatsu-column-image-none tatsu-column-effect-none  tatsu-ry-uw_Bb2j\"  data-parallax-speed=\"0\" style=\"\"><div class=\"tatsu-column-inner \" ><div class=\"tatsu-column-pad-wrap\"><div class=\"tatsu-column-pad\" >            <div  class = \"tatsu-media-carousel tatsu-module clearfix  tatsu-rJfdvOHZnj\" >\n                <style>.tatsu-rJfdvOHZnj .tatsu-carousel-col{padding: 0 15px;}.tatsu-rJfdvOHZnj .tatsu-carousel{margin: 0 -15px;}.tatsu-rJfdvOHZnj .tatsu-carousel-col-inner{height: 400px;}.tatsu-rJfdvOHZnj .flickity-page-dots .is-selected{background: rgba(2,127,199,1);}<\/style>                <div class = \"tatsu-media-carousel-inner tatsu-carousel tatsu-fixed-carousel tatsu-carousel-cols-1 tatsu-carousel-adaptive-image\" data-free-scroll = \"1\" data-arrows = \"1\" data-outer-arrows = \"1\" data-infinite = \"1\" data-dots = \"1\" data-autoplay-speed = \"4000\" data-lazy-load = \"1\" >\n                                                                                                        <div class = \"tatsu-media-slide tatsu-carousel-col\">\n                                    <div class = \"tatsu-media-slide-inner tatsu-carousel-col-inner\">\n                                                                                    <a href=\"https:\/\/color-jack.com\/de\/wp-content\/uploads\/2023\/02\/CJ-nano2.jpg\" class = \"light_box\"><img class = \"tatsu-carousel-img tatsu-carousel-img-lazy-load\" alt = \"\" sizes = \"(max-width: 1048px) 100vw, 1048px\" data-srcset = \"https:\/\/color-jack.com\/de\/wp-content\/uploads\/2023\/02\/CJ-nano2.jpg 1048w, https:\/\/color-jack.com\/de\/wp-content\/uploads\/2023\/02\/CJ-nano2-300x229.jpg 300w, https:\/\/color-jack.com\/de\/wp-content\/uploads\/2023\/02\/CJ-nano2-1024x782.jpg 1024w, https:\/\/color-jack.com\/de\/wp-content\/uploads\/2023\/02\/CJ-nano2-768x586.jpg 768w, https:\/\/color-jack.com\/de\/wp-content\/uploads\/2023\/02\/CJ-nano2-66x50.jpg 66w, https:\/\/color-jack.com\/de\/wp-content\/uploads\/2023\/02\/CJ-nano2-650x496.jpg 650w, https:\/\/color-jack.com\/de\/wp-content\/uploads\/2023\/02\/CJ-nano2-1000x763.jpg 1000w, https:\/\/color-jack.com\/de\/wp-content\/uploads\/2023\/02\/CJ-nano2-50x38.jpg 50w\" \/><\/a>\n                                                                           <\/div>\n                                <\/div>\n                                                                                    <div class = \"tatsu-media-slide tatsu-carousel-col\">\n                                    <div class = \"tatsu-media-slide-inner tatsu-carousel-col-inner\">\n                                                                                    <a href=\"https:\/\/color-jack.com\/de\/wp-content\/uploads\/2023\/02\/COLORCATCH_NANO_2_SET_V3.png\" class = \"light_box\"><img class = \"tatsu-carousel-img tatsu-carousel-img-lazy-load\" alt = \"\" sizes = \"(max-width: 1500px) 100vw, 1500px\" data-srcset = \"https:\/\/color-jack.com\/de\/wp-content\/uploads\/2023\/02\/COLORCATCH_NANO_2_SET_V3.png 1500w, https:\/\/color-jack.com\/de\/wp-content\/uploads\/2023\/02\/COLORCATCH_NANO_2_SET_V3-300x150.png 300w, https:\/\/color-jack.com\/de\/wp-content\/uploads\/2023\/02\/COLORCATCH_NANO_2_SET_V3-1024x512.png 1024w, https:\/\/color-jack.com\/de\/wp-content\/uploads\/2023\/02\/COLORCATCH_NANO_2_SET_V3-768x384.png 768w, https:\/\/color-jack.com\/de\/wp-content\/uploads\/2023\/02\/COLORCATCH_NANO_2_SET_V3-1160x580.png 1160w, https:\/\/color-jack.com\/de\/wp-content\/uploads\/2023\/02\/COLORCATCH_NANO_2_SET_V3-100x50.png 100w, https:\/\/color-jack.com\/de\/wp-content\/uploads\/2023\/02\/COLORCATCH_NANO_2_SET_V3-650x325.png 650w, https:\/\/color-jack.com\/de\/wp-content\/uploads\/2023\/02\/COLORCATCH_NANO_2_SET_V3-1000x500.png 1000w, https:\/\/color-jack.com\/de\/wp-content\/uploads\/2023\/02\/COLORCATCH_NANO_2_SET_V3-50x25.png 50w\" \/><\/a>\n                                                                           <\/div>\n                                <\/div>\n                                                                                    <div class = \"tatsu-media-slide tatsu-carousel-col\">\n                                    <div class = \"tatsu-media-slide-inner tatsu-carousel-col-inner\">\n                                                                                    <a href=\"https:\/\/color-jack.com\/de\/wp-content\/uploads\/2023\/02\/CJ-nano2-2.jpg\" class = \"light_box\"><img class = \"tatsu-carousel-img tatsu-carousel-img-lazy-load\" alt = \"\" sizes = \"(max-width: 1048px) 100vw, 1048px\" data-srcset = \"https:\/\/color-jack.com\/de\/wp-content\/uploads\/2023\/02\/CJ-nano2-2.jpg 1048w, https:\/\/color-jack.com\/de\/wp-content\/uploads\/2023\/02\/CJ-nano2-2-300x229.jpg 300w, https:\/\/color-jack.com\/de\/wp-content\/uploads\/2023\/02\/CJ-nano2-2-1024x782.jpg 1024w, https:\/\/color-jack.com\/de\/wp-content\/uploads\/2023\/02\/CJ-nano2-2-768x586.jpg 768w, https:\/\/color-jack.com\/de\/wp-content\/uploads\/2023\/02\/CJ-nano2-2-66x50.jpg 66w, https:\/\/color-jack.com\/de\/wp-content\/uploads\/2023\/02\/CJ-nano2-2-650x496.jpg 650w, https:\/\/color-jack.com\/de\/wp-content\/uploads\/2023\/02\/CJ-nano2-2-1000x763.jpg 1000w, https:\/\/color-jack.com\/de\/wp-content\/uploads\/2023\/02\/CJ-nano2-2-50x38.jpg 50w\" \/><\/a>\n                                                                           <\/div>\n                                <\/div>\n                                                            <\/div>\n            <\/div>\n        <\/div><\/div><div class = \"tatsu-column-bg-image-wrap\"><div class = \"tatsu-column-bg-image\" ><\/div><\/div><div class=\"tatsu-overlay tatsu-column-overlay tatsu-animate-none\" ><\/div><\/div><style>.tatsu-row > .tatsu-ry-uw_Bb2j.tatsu-column{width: 49.9%;}.tatsu-ry-uw_Bb2j.tatsu-column > .tatsu-column-inner > .tatsu-column-overlay{mix-blend-mode: normal;}.tatsu-ry-uw_Bb2j > .tatsu-column-inner > .tatsu-top-divider{z-index: 9999;}.tatsu-ry-uw_Bb2j > .tatsu-column-inner > .tatsu-bottom-divider{z-index: 9999;}.tatsu-ry-uw_Bb2j > .tatsu-column-inner > .tatsu-left-divider{z-index: 9999;}.tatsu-ry-uw_Bb2j > .tatsu-column-inner > .tatsu-right-divider{z-index: 9999;}@media only screen and (max-width:1377px) {.tatsu-row > .tatsu-ry-uw_Bb2j.tatsu-column{width: 50%;}}@media only screen and (min-width:768px) and (max-width: 1024px) {.tatsu-row > .tatsu-ry-uw_Bb2j.tatsu-column{width: 50%;}}@media only screen and (max-width: 767px) {.tatsu-row > .tatsu-ry-uw_Bb2j.tatsu-column{width: 100%;}.tatsu-ry-uw_Bb2j.tatsu-column > .tatsu-column-inner > .tatsu-column-pad-wrap > .tatsu-column-pad{padding: 0px 0px 90px 0px;}}<\/style><\/div><div  class=\"tatsu-column  tatsu-bg-overlay tatsu-one-half tatsu-column-align-top tatsu-column-image-none tatsu-column-effect-none  tatsu-SkQdvdH-2s\"  data-parallax-speed=\"0\" style=\"\"><div class=\"tatsu-column-inner \" ><div class=\"tatsu-column-pad-wrap\"><div class=\"tatsu-column-pad\" ><div  class=\"tatsu-module tatsu-text-block-wrap tatsu-SJNdD_Hbno  \"><div class=\"tatsu-text-inner tatsu-align-center  clearfix\" ><style>.tatsu-SJNdD_Hbno.tatsu-text-block-wrap .tatsu-text-inner{width: 100%;text-align: left;}.tatsu-SJNdD_Hbno.tatsu-text-block-wrap{margin: 0px 0px 10px 0px;}<\/style>\n<h3>Colorcatch Nano 2<\/h3>\n<\/div><\/div><div  class=\"tatsu-module tatsu-text-block-wrap tatsu-rJ9y9Hbns  \"><div class=\"tatsu-text-inner tatsu-align-center  clearfix\" ><style>.tatsu-rJ9y9Hbns.tatsu-text-block-wrap .tatsu-text-inner{width: 100%;text-align: left;}<\/style>\n<h5>Preis: 549 \u20ac zzgl. 19 % MwSt<\/h5>\n<\/div><\/div><div  class=\"tatsu-module tatsu-text-block-wrap tatsu-H1H5sS-ho  \"><div class=\"tatsu-text-inner tatsu-align-center  clearfix\" ><style>.tatsu-H1H5sS-ho.tatsu-text-block-wrap .tatsu-text-inner{width: 100%;text-align: left;}<\/style>\n<p>Der <strong>Colorcatch Nano 2<\/strong> ist ein handliches Farbmessger\u00e4t mit beeindruckender Genauigkeit und vielen Vorteilen. Nutzer k\u00f6nnen von seinem Einsatz sehr profitieren. Sie k\u00f6nnen das Ger\u00e4t tageweise leihen (ab 70 \u20ac f\u00fcr 5 Tage) oder kaufen.<\/p>\n<\/div><\/div><div  class=\"tatsu-module tatsu-text-block-wrap tatsu-SyHuDOSbni  \"><div class=\"tatsu-text-inner tatsu-align-center  clearfix\" ><style>.tatsu-SyHuDOSbni.tatsu-text-block-wrap .tatsu-text-inner{width: 100%;text-align: left;}.tatsu-SyHuDOSbni.tatsu-text-block-wrap .tatsu-text-inner *{text-transform : none;}<\/style>\n<ul>\n<li>Wir sind einer der ersten H\u00e4ndler in Deutschland, die den Colorcatch Nano 2 anbieten!<\/li>\n<li>Lieferkosten je nach Bestellmenge ab 6 \u20ac.<\/li>\n<li>Versand mit Hermes oder DHL.<\/li>\n<li>Lieferung nach Deutschland, \u00d6sterreich, Schweiz sowie europaweit.<\/li>\n<li>So lange der Vorrat reicht.<\/li>\n<li>24 Monate Herstellergarantie.<\/li>\n<\/ul>\n<\/div><\/div><div  class=\"tatsu-module tatsu-normal-button tatsu-button-wrap align-block block-left  tatsu-rkIdPOrZ3j   \"><a class=\"tatsu-shortcode x-largebtn tatsu-button left-icon rounded   bg-animation-none  \" href=\"mailto:info@color-jack.com?subject=Farbscanner: bitte senden Sie mir das Kauf-Formular zu\" style= \"\"  aria-label=\"Kauf-Anfrage\" data-gdpr-atts={} >Kauf-Anfrage<\/a><style>.tatsu-rkIdPOrZ3j .tatsu-button{color: rgba(255,255,255,1) ;}.tatsu-rkIdPOrZ3j.tatsu-normal-button{margin: 20px 0px 0px 0px;}@media only screen and (min-width:768px) and (max-width: 1024px) {.tatsu-rkIdPOrZ3j.tatsu-normal-button{margin: 0px 0px 0px 0px;}}@media only screen and (max-width: 767px) {.tatsu-rkIdPOrZ3j.tatsu-normal-button{margin: 10px 0px 0px 0px;}}<\/style><\/div><div  class=\"tatsu-module tatsu-normal-button tatsu-button-wrap align-block block-left  tatsu-SJ4RhyeJyx   \"><a class=\"tatsu-shortcode x-largebtn tatsu-button left-icon rounded   bg-animation-none  \" href=\"mailto:info@color-jack.com?subject=Farbscanner: bitte senden Sie mir das Leih-Formular zu\" style= \"\"  aria-label=\"Leih-Anfrage\" data-gdpr-atts={} >Leih-Anfrage<\/a><style>.tatsu-SJ4RhyeJyx .tatsu-button{color: rgba(255,255,255,1) ;}.tatsu-SJ4RhyeJyx.tatsu-normal-button{margin: 20px 0px 0px 0px;}@media only screen and (min-width:768px) and (max-width: 1024px) {.tatsu-SJ4RhyeJyx.tatsu-normal-button{margin: 0px 0px 0px 0px;}}@media only screen and (max-width: 767px) {.tatsu-SJ4RhyeJyx.tatsu-normal-button{margin: 10px 0px 0px 0px;}}<\/style><\/div><\/div><\/div><div class = \"tatsu-column-bg-image-wrap\"><div class = \"tatsu-column-bg-image\" ><\/div><\/div><div class=\"tatsu-overlay tatsu-column-overlay tatsu-animate-none\" ><\/div><\/div><style>.tatsu-row > .tatsu-SkQdvdH-2s.tatsu-column{width: 50.1%;}.tatsu-SkQdvdH-2s.tatsu-column > .tatsu-column-inner > .tatsu-column-pad-wrap > .tatsu-column-pad{padding: 0px 0px 10px 0px;}.tatsu-SkQdvdH-2s.tatsu-column > .tatsu-column-inner > .tatsu-column-overlay{mix-blend-mode: normal;}.tatsu-SkQdvdH-2s > .tatsu-column-inner > .tatsu-top-divider{z-index: 9999;}.tatsu-SkQdvdH-2s > .tatsu-column-inner > .tatsu-bottom-divider{z-index: 9999;}.tatsu-SkQdvdH-2s > .tatsu-column-inner > .tatsu-left-divider{z-index: 9999;}.tatsu-SkQdvdH-2s > .tatsu-column-inner > .tatsu-right-divider{z-index: 9999;}@media only screen and (max-width:1377px) {.tatsu-row > .tatsu-SkQdvdH-2s.tatsu-column{width: 50%;}}@media only screen and (min-width:768px) and (max-width: 1024px) {.tatsu-row > .tatsu-SkQdvdH-2s.tatsu-column{width: 50%;}}@media only screen and (max-width: 767px) {.tatsu-row > .tatsu-SkQdvdH-2s.tatsu-column{width: 100%;}}<\/style><\/div><\/div><\/div><\/div><div class=\"tatsu-section-background-wrap\"><div class = \"tatsu-section-background\" ><\/div><\/div><style>.tatsu-B1uvuB-no.tatsu-section{background-color: rgba(233,228,228,1);}.tatsu-B1uvuB-no .tatsu-section-pad{padding: 40px 0px 0px 0px;}.tatsu-B1uvuB-no > .tatsu-bottom-divider{z-index: 9999;}.tatsu-B1uvuB-no > .tatsu-top-divider{z-index: 9999;}@media only screen and (max-width: 767px) {.tatsu-B1uvuB-no .tatsu-section-pad{padding: 50px 0px 0px 0px;}}<\/style><\/div><div  class=\"tatsu-B1CT2ftho tatsu-section    tatsu-clearfix\" data-title=\"\"  data-headerscheme=\"background--dark\"><div class='tatsu-section-pad clearfix' data-padding='{\"d\":\"90px 0px 90px 0px\",\"m\":\"0px 0px 0px 0px\"}' data-padding-top='0px'><div class=\"tatsu-row-wrap  tatsu-wrap tatsu-row-one-col tatsu-row-has-one-cols tatsu-medium-gutter tatsu-eq-cols tatsu-animate tatsu-clearfix tatsu-BygRT3MY3s\" data-animation=\"fadeIn\" data-animation-delay=\"100\" data-animation-duration=\"400\"><style>@media only screen and (max-width: 767px) {.tatsu-BygRT3MY3s.tatsu-row-wrap > .tatsu-row{padding: 0px 0px 0px 0px;}}<\/style><div  class=\"tatsu-row \" ><div  class=\"tatsu-column  tatsu-bg-overlay tatsu-one-col tatsu-column-align-top tatsu-column-image-none tatsu-column-effect-none  tatsu-ry-A6nMF3o\"  data-parallax-speed=\"0\" style=\"\"><div class=\"tatsu-column-inner \" ><div class=\"tatsu-column-pad-wrap\"><div class=\"tatsu-column-pad\" ><div  class=\"tatsu-module tatsu-text-block-wrap tatsu-S1SZpzYhj  \"><div class=\"tatsu-text-inner tatsu-align-center  clearfix\" ><style>.tatsu-S1SZpzYhj.tatsu-text-block-wrap .tatsu-text-inner{width: 100%;text-align: left;}.tatsu-S1SZpzYhj.tatsu-text-block-wrap{margin: 0px 0px 10px 0px;}@media only screen and (max-width: 767px) {.tatsu-S1SZpzYhj.tatsu-text-block-wrap{margin: 50px 0px 0px 0px;}}<\/style>\n<p><strong>Features<\/strong><\/p>\n<ul>\n<li>Das revolution\u00e4re, kompakte Farbmessger\u00e4t f\u00fcr Profis.<\/li>\n<li>Die erste Bluetooth-Kamera der Welt, die mit einem Smartphone verbunden ist.<\/li>\n<li>Der neue optische Kopf beseitigt Glanz und Streulicht.<\/li>\n<li>Integrierte Kalibrierungskarte zum Schutz vor Verschmutzung.<\/li>\n<li>H\u00f6chste Genauigkeit, selbst auf strukturierten Oberfl\u00e4chen.<\/li>\n<li>Messung mit 50.000 einzelnen Pixeln.<\/li>\n<\/ul>\n<\/div><\/div><div  class=\"tatsu-module tatsu-text-block-wrap tatsu-rJ3z6zF3i  \"><div class=\"tatsu-text-inner tatsu-align-center  clearfix\" ><style>.tatsu-rJ3z6zF3i.tatsu-text-block-wrap .tatsu-text-inner{width: 100%;text-align: left;}<\/style>\n<ul>\n<li>Automatische Entfernung aller nicht dominanten Farben wie Schatteneffekte und schmutzige Oberfl\u00e4chen.<\/li>\n<li>Die Optik des Ger\u00e4ts vergr\u00f6\u00dfert das Bild 6,25-fach, um z. B. auch einen einzelnen Faden eines Hemdes zu messen.<\/li>\n<li>Extrahierung von bis zu 5 dominanten Farben mit einem Klick.<\/li>\n<li>Integration der gemessenen Farbe direkt auf das gew\u00fcnschte Bild.<\/li>\n<li>Geeignet f\u00fcr Handwerker, Architekten, Drucker, Druckvorstufe, Textilprofis, Produktioner, Fotografen, Designer, uvm.<\/li>\n<li>Video: <a href=\"https:\/\/www.youtube.com\/watch?v=eMlJf7YBTK8\">YouTube<\/a><\/li>\n<\/ul>\n<\/div><\/div><div  class=\"tatsu-module tatsu-divider-wrap  tatsu-Bk5BbAUSC   \"  ><style>.tatsu-Bk5BbAUSC .tatsu-divider{height: 1px;width: 100%;background: #efefef;}.tatsu-Bk5BbAUSC.tatsu-divider-wrap{text-align: left;}<\/style><hr class=\"tatsu-divider\"\/><\/div><div  class=\"tatsu-module tatsu-text-block-wrap tatsu-BJJih5A2s  \"><div class=\"tatsu-text-inner tatsu-align-center  clearfix\" ><style>.tatsu-BJJih5A2s.tatsu-text-block-wrap .tatsu-text-inner{width: 100%;text-align: left;}@media only screen and (max-width: 767px) {.tatsu-BJJih5A2s.tatsu-text-block-wrap{margin: 50px 0px 0px 0px;}}<\/style>\n<p>\u00a0<\/p>\n<p><strong>Lieferumfang<\/strong><\/p>\n<p>Scanner, schwarze Schutzh\u00fclle, USB-C-Ladekabel, USB-C-zu-USB-Adapter.<\/p>\n<p>Der Colorcatch Nano 2 ist geeignet f\u00fcr &#8230;<br \/>&#8230; Apple-Ger\u00e4te mit iOS 15 oder h\u00f6her<br \/>&#8230; Android-Ger\u00e4te mit Marshmallow (6.0) oder h\u00f6her<br \/>&#8230; Bluetooth\u00ae 5.0 oder h\u00f6her<\/p>\n<\/div><\/div><div  class=\"tatsu-module tatsu-divider-wrap  tatsu-HkfHZCIHR   \"  ><style>.tatsu-HkfHZCIHR .tatsu-divider{height: 1px;width: 100%;background: #efefef;}.tatsu-HkfHZCIHR.tatsu-divider-wrap{text-align: left;}<\/style><hr class=\"tatsu-divider\"\/><\/div><div  class=\"tatsu-module tatsu-text-block-wrap tatsu-ry8LKLcao  \"><div class=\"tatsu-text-inner tatsu-align-center  clearfix\" ><style>.tatsu-ry8LKLcao.tatsu-text-block-wrap .tatsu-text-inner{width: 100%;text-align: left;}@media only screen and (max-width: 767px) {.tatsu-ry8LKLcao.tatsu-text-block-wrap{margin: 50px 0px 0px 0px;}}<\/style>\n<p>\u00a0<\/p>\n<p><strong>Mobile Apps<\/strong><\/p>\n<ul>\n<li>Colorix Pro: \u00a0 \u00a0 \u00a0 \u00a0 \u00a0\u00a0 Infos: <a href=\"https:\/\/www.youtube.com\/watch?v=UhAL0zUoBCA\">Youtube <\/a>\u00a0\u00a0\u00a0\u00a0\u00a0\u00a0\u00a0\u00a0\u00a0\u00a0 Download:\u00a0 <a href=\"https:\/\/apps.apple.com\/us\/app\/colorix-com-pro\/id372237426\">App Store<\/a>\u00a0\u00a0\u00a0\u00a0 <a href=\"https:\/\/play.google.com\/store\/apps\/details?id=com.colorix.colorixdotcompro\">Google Play<\/a><\/li>\n<li>Color Control: \u00a0 \u00a0\u00a0 \u00a0 Infos: <a href=\"https:\/\/youtu.be\/kowx-mj5-m8\">Youtube<\/a> \u00a0\u00a0\u00a0 \u00a0 \u00a0\u00a0\u00a0\u00a0 Download: <a href=\"https:\/\/apps.apple.com\/app\/color-quality-control\/id1085804235#?platform=iphone\">App Store<\/a>\u00a0 (Google Play nicht verf\u00fcgbar)<\/li>\n<\/ul>\n<p><strong>PC App<\/strong><\/p>\n<ul>\n<li>Online Farbsimulator:\u00a0\u00a0\u00a0\u00a0\u00a0\u00a0\u00a0\u00a0\u00a0\u00a0\u00a0\u00a0\u00a0 Infos: <a href=\"https:\/\/youtu.be\/wsO-E9wbYNQ\">Youtube<\/a> \u00a0\u00a0\u00a0\u00a0\u00a0\u00a0\u00a0\u00a0\u00a0\u00a0\u00a0 Download: Auf Anfrage beim Hersteller www.colorix.com<\/li>\n<\/ul>\n<\/div><\/div><\/div><\/div><div class = \"tatsu-column-bg-image-wrap\"><div class = \"tatsu-column-bg-image\" ><\/div><\/div><div class=\"tatsu-overlay tatsu-column-overlay tatsu-animate-none\" ><\/div><\/div><style>.tatsu-row > .tatsu-ry-A6nMF3o.tatsu-column{width: 100%;}.tatsu-ry-A6nMF3o.tatsu-column > .tatsu-column-inner > .tatsu-column-overlay{mix-blend-mode: normal;}.tatsu-ry-A6nMF3o > .tatsu-column-inner > .tatsu-top-divider{z-index: 9999;}.tatsu-ry-A6nMF3o > .tatsu-column-inner > .tatsu-bottom-divider{z-index: 9999;}.tatsu-ry-A6nMF3o > .tatsu-column-inner > .tatsu-left-divider{z-index: 9999;}.tatsu-ry-A6nMF3o > .tatsu-column-inner > .tatsu-right-divider{z-index: 9999;}@media only screen and (max-width:1377px) {.tatsu-row > .tatsu-ry-A6nMF3o.tatsu-column{width: 100%;}}@media only screen and (min-width:768px) and (max-width: 1024px) {.tatsu-row > .tatsu-ry-A6nMF3o.tatsu-column{width: 100%;}}@media only screen and (max-width: 767px) {.tatsu-row > .tatsu-ry-A6nMF3o.tatsu-column{width: 100%;}.tatsu-ry-A6nMF3o.tatsu-column > .tatsu-column-inner > .tatsu-column-pad-wrap > .tatsu-column-pad{padding: 0px 0px 10px 0px;}.tatsu-ry-A6nMF3o.tatsu-column{margin: 0 0 0px 0 !important;}}<\/style><\/div><\/div><\/div><\/div><div class=\"tatsu-section-background-wrap\"><div class = \"tatsu-section-background\" ><\/div><\/div><style>.tatsu-B1CT2ftho .tatsu-section-pad{padding: 90px 0px 90px 0px;}.tatsu-B1CT2ftho > .tatsu-bottom-divider{z-index: 9999;}.tatsu-B1CT2ftho > .tatsu-top-divider{z-index: 9999;}@media only screen and (max-width: 767px) {.tatsu-B1CT2ftho .tatsu-section-pad{padding: 0px 0px 0px 0px;}}<\/style><\/div><div id=\"artikel-bestellen\" class=\"tatsu-BJzPfFb3s tatsu-section  tatsu-bg-overlay tatsu-hide-desktop tatsu-hide-laptop tatsu-hide-tablet tatsu-hide-mobile   tatsu-clearfix\" data-title=\"\"  data-headerscheme=\"background--dark\"><div class='tatsu-section-pad clearfix' data-padding='{\"d\":\"21px 0px 90px 0px\",\"m\":\"60px 0px 60px 0px\"}' data-padding-top='60px'><div class=\"tatsu-row-wrap  tatsu-wrap tatsu-row-one-col tatsu-row-has-one-cols tatsu-medium-gutter tatsu-reg-cols  tatsu-clearfix tatsu-rkgMPGtW2s\" ><div  class=\"tatsu-row \" ><div  class=\"tatsu-column  tatsu-bg-overlay tatsu-one-col tatsu-column-image-none tatsu-column-effect-none  tatsu-HyZGvfFZns\"  data-parallax-speed=\"0\" style=\"\"><div class=\"tatsu-column-inner \" ><div class=\"tatsu-column-pad-wrap\"><div class=\"tatsu-column-pad\" ><div  class=\"tatsu-module tatsu-divider-wrap  tatsu-Hkwv1v5ps   \"  ><style>.tatsu-Hkwv1v5ps .tatsu-divider{height: 1px;width: 100%;background: rgba(0,158,227,0.5);}.tatsu-Hkwv1v5ps.tatsu-divider-wrap{text-align: left;margin: 0px 0px 0px 0px;}.tatsu-Hkwv1v5ps{padding: 0px 0 0 0;}<\/style><hr class=\"tatsu-divider\"\/><\/div><\/div><\/div><div class = \"tatsu-column-bg-image-wrap\"><div class = \"tatsu-column-bg-image\" ><\/div><\/div><div class=\"tatsu-overlay tatsu-column-overlay tatsu-animate-none\" ><\/div><\/div><style>.tatsu-row > .tatsu-HyZGvfFZns.tatsu-column{width: 100%;}.tatsu-HyZGvfFZns.tatsu-column > .tatsu-column-inner > .tatsu-column-overlay{mix-blend-mode: normal;}.tatsu-HyZGvfFZns > .tatsu-column-inner > .tatsu-top-divider{z-index: 9999;}.tatsu-HyZGvfFZns > .tatsu-column-inner > .tatsu-bottom-divider{z-index: 9999;}.tatsu-HyZGvfFZns > .tatsu-column-inner > .tatsu-left-divider{z-index: 9999;}.tatsu-HyZGvfFZns > .tatsu-column-inner > .tatsu-right-divider{z-index: 9999;}@media only screen and (max-width:1377px) {.tatsu-row > .tatsu-HyZGvfFZns.tatsu-column{width: 100%;}}@media only screen and (min-width:768px) and (max-width: 1024px) {.tatsu-row > .tatsu-HyZGvfFZns.tatsu-column{width: 100%;}}@media only screen and (max-width: 767px) {.tatsu-row > .tatsu-HyZGvfFZns.tatsu-column{width: 100%;}}<\/style><\/div><\/div><\/div><\/div><div class=\"tatsu-section-background-wrap\"><div class = \"tatsu-section-background\" ><\/div><\/div><div class=\"tatsu-overlay tatsu-section-overlay\"><\/div><style>.tatsu-BJzPfFb3s .tatsu-section-pad{padding: 21px 0px 90px 0px;}.tatsu-BJzPfFb3s .tatsu-section-offset-wrap{transform: translateY(-0px);}.tatsu-BJzPfFb3s > .tatsu-bottom-divider{z-index: 9999;}.tatsu-BJzPfFb3s > .tatsu-top-divider{z-index: 9999;}.tatsu-BJzPfFb3s .tatsu-section-overlay{mix-blend-mode: normal;}@media only screen and (max-width: 767px) {.tatsu-BJzPfFb3s .tatsu-section-pad{padding: 60px 0px 60px 0px;}}<\/style><\/div>\n","protected":false},"excerpt":{"rendered":"<div><a href=\"https:\/\/color-jack.com\/de\/tools\/color-jack-farbscanner\/\" class=\"exp-read-more exp-read-more-underlined\">Read More<\/a><\/div>\n","protected":false},"author":2,"featured_media":0,"parent":4625,"menu_order":4,"comment_status":"closed","ping_status":"closed","template":"","meta":{"footnotes":""},"class_list":["post-7739","page","type-page","status-publish","hentry"],"_links":{"self":[{"href":"https:\/\/color-jack.com\/de\/wp-json\/wp\/v2\/pages\/7739","targetHints":{"allow":["GET"]}}],"collection":[{"href":"https:\/\/color-jack.com\/de\/wp-json\/wp\/v2\/pages"}],"about":[{"href":"https:\/\/color-jack.com\/de\/wp-json\/wp\/v2\/types\/page"}],"author":[{"embeddable":true,"href":"https:\/\/color-jack.com\/de\/wp-json\/wp\/v2\/users\/2"}],"replies":[{"embeddable":true,"href":"https:\/\/color-jack.com\/de\/wp-json\/wp\/v2\/comments?post=7739"}],"version-history":[{"count":17,"href":"https:\/\/color-jack.com\/de\/wp-json\/wp\/v2\/pages\/7739\/revisions"}],"predecessor-version":[{"id":8800,"href":"https:\/\/color-jack.com\/de\/wp-json\/wp\/v2\/pages\/7739\/revisions\/8800"}],"up":[{"embeddable":true,"href":"https:\/\/color-jack.com\/de\/wp-json\/wp\/v2\/pages\/4625"}],"wp:attachment":[{"href":"https:\/\/color-jack.com\/de\/wp-json\/wp\/v2\/media?parent=7739"}],"curies":[{"name":"wp","href":"https:\/\/api.w.org\/{rel}","templated":true}]}}