{"id":7803,"date":"2023-02-04T20:13:42","date_gmt":"2023-02-04T19:13:42","guid":{"rendered":"https:\/\/color-jack.com\/de\/?page_id=7803"},"modified":"2026-01-20T18:08:03","modified_gmt":"2026-01-20T17:08:03","slug":"color-jack-farbfaecher","status":"publish","type":"page","link":"https:\/\/color-jack.com\/de\/tools\/color-jack-farbfaecher\/","title":{"rendered":"COLOR JACK Farbf\u00e4cher"},"content":{"rendered":"<div  class=\"tatsu-BkbQHBQGCs tatsu-section  tatsu-bg-overlay   tatsu-clearfix\" data-title=\"\"  data-headerscheme=\"background--dark\"><div class='tatsu-section-pad clearfix' data-padding='{\"d\":\"90px 0px 40px 0px\"}' data-padding-top='90px'><div class=\"tatsu-row-wrap  tatsu-wrap tatsu-row-one-col tatsu-row-has-one-cols tatsu-medium-gutter tatsu-reg-cols  tatsu-clearfix tatsu-rye7BBXzCj\" ><div  class=\"tatsu-row \" ><div  class=\"tatsu-column  tatsu-bg-overlay tatsu-one-col tatsu-column-image-none tatsu-column-effect-none  tatsu-Sk7BSQzCo\"  data-parallax-speed=\"0\" style=\"\"><div class=\"tatsu-column-inner \" ><div class=\"tatsu-column-pad-wrap\"><div class=\"tatsu-column-pad\" ><div  class=\"tatsu-module tatsu-text-block-wrap tatsu-r1OSBmGCs  \"><div class=\"tatsu-text-inner tatsu-align-center  clearfix\" ><style>.tatsu-r1OSBmGCs.tatsu-text-block-wrap .tatsu-text-inner{width: 100%;text-align: center;}<\/style>\n<h1>Unser Farbf\u00e4cher: klein, aber oho!<\/h1>\n<\/div><\/div><\/div><\/div><div class = \"tatsu-column-bg-image-wrap\"><div class = \"tatsu-column-bg-image\" ><\/div><\/div><div class=\"tatsu-overlay tatsu-column-overlay tatsu-animate-none\" ><\/div><\/div><style>.tatsu-row > .tatsu-Sk7BSQzCo.tatsu-column{width: 100%;}.tatsu-Sk7BSQzCo.tatsu-column > .tatsu-column-inner > .tatsu-column-overlay{mix-blend-mode: normal;}.tatsu-Sk7BSQzCo > .tatsu-column-inner > .tatsu-top-divider{z-index: 9999;}.tatsu-Sk7BSQzCo > .tatsu-column-inner > .tatsu-bottom-divider{z-index: 9999;}.tatsu-Sk7BSQzCo > .tatsu-column-inner > .tatsu-left-divider{z-index: 9999;}.tatsu-Sk7BSQzCo > .tatsu-column-inner > .tatsu-right-divider{z-index: 9999;}@media only screen and (max-width:1377px) {.tatsu-row > .tatsu-Sk7BSQzCo.tatsu-column{width: 100%;}}@media only screen and (min-width:768px) and (max-width: 1024px) {.tatsu-row > .tatsu-Sk7BSQzCo.tatsu-column{width: 100%;}}@media only screen and (max-width: 767px) {.tatsu-row > .tatsu-Sk7BSQzCo.tatsu-column{width: 100%;}}<\/style><\/div><\/div><\/div><\/div><div class=\"tatsu-section-background-wrap\"><div class = \"tatsu-section-background\" ><\/div><\/div><div class=\"tatsu-overlay tatsu-section-overlay\"><\/div><style>.tatsu-BkbQHBQGCs .tatsu-section-pad{padding: 90px 0px 40px 0px;}.tatsu-BkbQHBQGCs .tatsu-section-offset-wrap{transform: translateY(-0px);}.tatsu-BkbQHBQGCs > .tatsu-bottom-divider{z-index: 9999;}.tatsu-BkbQHBQGCs > .tatsu-top-divider{z-index: 9999;}.tatsu-BkbQHBQGCs .tatsu-section-overlay{mix-blend-mode: normal;}<\/style><\/div><div  class=\"tatsu-SyphEmzRo tatsu-section    tatsu-clearfix\" data-title=\"\"  data-headerscheme=\"background--dark\"><div class='tatsu-section-pad clearfix' data-padding='{\"d\":\"40px 0px 0px 0px\",\"m\":\"50px 0px 0px 0px\"}' data-padding-top='50px'><div class=\"tatsu-row-wrap  tatsu-wrap tatsu-row-has-one-half tatsu-row-has-two-cols tatsu-medium-gutter tatsu-eq-cols tatsu-animate tatsu-clearfix tatsu-SJea3V7zAs\" data-animation=\"fadeIn\" data-animation-delay=\"100\" data-animation-duration=\"400\"><style>@media only screen and (max-width: 767px) {.tatsu-SJea3V7zAs.tatsu-row-wrap > .tatsu-row{padding: 0px 0px 0px 0px;}}<\/style><div  class=\"tatsu-row \" ><div  class=\"tatsu-column  tatsu-bg-overlay tatsu-one-half tatsu-column-align-middle tatsu-column-image-none tatsu-column-effect-none  tatsu-SkbThNQGAo\"  data-parallax-speed=\"0\" style=\"\"><div class=\"tatsu-column-inner \" ><div class=\"tatsu-column-pad-wrap\"><div class=\"tatsu-column-pad\" >            <div  class = \"tatsu-media-carousel tatsu-module clearfix  tatsu-S1GT2N7f0o\" >\n                <style>.tatsu-S1GT2N7f0o .tatsu-carousel-col{padding: 0 15px;}.tatsu-S1GT2N7f0o .tatsu-carousel{margin: 0 -15px;}.tatsu-S1GT2N7f0o .tatsu-carousel-col-inner{height: 400px;}.tatsu-S1GT2N7f0o .flickity-page-dots .is-selected{background: rgba(2,127,199,1);}<\/style>                <div class = \"tatsu-media-carousel-inner tatsu-carousel tatsu-fixed-carousel tatsu-carousel-cols-1 tatsu-carousel-adaptive-image\" data-free-scroll = \"1\" data-arrows = \"1\" data-outer-arrows = \"1\" data-infinite = \"1\" data-dots = \"1\" data-autoplay-speed = \"4000\" data-lazy-load = \"1\" >\n                                                                                                        <div class = \"tatsu-media-slide tatsu-carousel-col\">\n                                    <div class = \"tatsu-media-slide-inner tatsu-carousel-col-inner\">\n                                                                                    <a href=\"https:\/\/color-jack.com\/de\/wp-content\/uploads\/2023\/01\/Mini-freigestellt.png\" class = \"light_box\"><img class = \"tatsu-carousel-img tatsu-carousel-img-lazy-load\" alt = \"\" sizes = \"(max-width: 577px) 100vw, 577px\" data-srcset = \"https:\/\/color-jack.com\/de\/wp-content\/uploads\/2023\/01\/Mini-freigestellt.png 577w, https:\/\/color-jack.com\/de\/wp-content\/uploads\/2023\/01\/Mini-freigestellt-300x225.png 300w, https:\/\/color-jack.com\/de\/wp-content\/uploads\/2023\/01\/Mini-freigestellt-67x50.png 67w, https:\/\/color-jack.com\/de\/wp-content\/uploads\/2023\/01\/Mini-freigestellt-50x38.png 50w\" \/><\/a>\n                                                                           <\/div>\n                                <\/div>\n                                                                                    <div class = \"tatsu-media-slide tatsu-carousel-col\">\n                                    <div class = \"tatsu-media-slide-inner tatsu-carousel-col-inner\">\n                                                                                    <a href=\"https:\/\/color-jack.com\/de\/wp-content\/uploads\/2023\/02\/CJ-farbfaecher-original.jpg\" class = \"light_box\"><img class = \"tatsu-carousel-img tatsu-carousel-img-lazy-load\" alt = \"\" sizes = \"(max-width: 1048px) 100vw, 1048px\" data-srcset = \"https:\/\/color-jack.com\/de\/wp-content\/uploads\/2023\/02\/CJ-farbfaecher-original.jpg 1048w, https:\/\/color-jack.com\/de\/wp-content\/uploads\/2023\/02\/CJ-farbfaecher-original-300x229.jpg 300w, https:\/\/color-jack.com\/de\/wp-content\/uploads\/2023\/02\/CJ-farbfaecher-original-1024x782.jpg 1024w, https:\/\/color-jack.com\/de\/wp-content\/uploads\/2023\/02\/CJ-farbfaecher-original-768x586.jpg 768w, https:\/\/color-jack.com\/de\/wp-content\/uploads\/2023\/02\/CJ-farbfaecher-original-66x50.jpg 66w, https:\/\/color-jack.com\/de\/wp-content\/uploads\/2023\/02\/CJ-farbfaecher-original-650x496.jpg 650w, https:\/\/color-jack.com\/de\/wp-content\/uploads\/2023\/02\/CJ-farbfaecher-original-1000x763.jpg 1000w, https:\/\/color-jack.com\/de\/wp-content\/uploads\/2023\/02\/CJ-farbfaecher-original-50x38.jpg 50w\" \/><\/a>\n                                                                           <\/div>\n                                <\/div>\n                                                                                    <div class = \"tatsu-media-slide tatsu-carousel-col\">\n                                    <div class = \"tatsu-media-slide-inner tatsu-carousel-col-inner\">\n                                                                                    <a href=\"https:\/\/color-jack.com\/de\/wp-content\/uploads\/2023\/01\/Anzeige-Mini-2-Seiten.png\" class = \"light_box\"><img class = \"tatsu-carousel-img tatsu-carousel-img-lazy-load\" alt = \"\" sizes = \"(max-width: 840px) 100vw, 840px\" data-srcset = \"https:\/\/color-jack.com\/de\/wp-content\/uploads\/2023\/01\/Anzeige-Mini-2-Seiten.png 840w, https:\/\/color-jack.com\/de\/wp-content\/uploads\/2023\/01\/Anzeige-Mini-2-Seiten-215x300.png 215w, https:\/\/color-jack.com\/de\/wp-content\/uploads\/2023\/01\/Anzeige-Mini-2-Seiten-734x1024.png 734w, https:\/\/color-jack.com\/de\/wp-content\/uploads\/2023\/01\/Anzeige-Mini-2-Seiten-768x1072.png 768w, https:\/\/color-jack.com\/de\/wp-content\/uploads\/2023\/01\/Anzeige-Mini-2-Seiten-36x50.png 36w, https:\/\/color-jack.com\/de\/wp-content\/uploads\/2023\/01\/Anzeige-Mini-2-Seiten-650x907.png 650w, https:\/\/color-jack.com\/de\/wp-content\/uploads\/2023\/01\/Anzeige-Mini-2-Seiten-50x70.png 50w\" \/><\/a>\n                                                                           <\/div>\n                                <\/div>\n                                                            <\/div>\n            <\/div>\n        <\/div><\/div><div class = \"tatsu-column-bg-image-wrap\"><div class = \"tatsu-column-bg-image\" ><\/div><\/div><div class=\"tatsu-overlay tatsu-column-overlay tatsu-animate-none\" ><\/div><\/div><style>.tatsu-row > .tatsu-SkbThNQGAo.tatsu-column{width: 49.9%;}.tatsu-SkbThNQGAo.tatsu-column > .tatsu-column-inner > .tatsu-column-overlay{mix-blend-mode: normal;}.tatsu-SkbThNQGAo > .tatsu-column-inner > .tatsu-top-divider{z-index: 9999;}.tatsu-SkbThNQGAo > .tatsu-column-inner > .tatsu-bottom-divider{z-index: 9999;}.tatsu-SkbThNQGAo > .tatsu-column-inner > .tatsu-left-divider{z-index: 9999;}.tatsu-SkbThNQGAo > .tatsu-column-inner > .tatsu-right-divider{z-index: 9999;}@media only screen and (max-width:1377px) {.tatsu-row > .tatsu-SkbThNQGAo.tatsu-column{width: 50%;}}@media only screen and (min-width:768px) and (max-width: 1024px) {.tatsu-row > .tatsu-SkbThNQGAo.tatsu-column{width: 50%;}}@media only screen and (max-width: 767px) {.tatsu-row > .tatsu-SkbThNQGAo.tatsu-column{width: 100%;}.tatsu-SkbThNQGAo.tatsu-column > .tatsu-column-inner > .tatsu-column-pad-wrap > .tatsu-column-pad{padding: 0px 0px 90px 0px;}}<\/style><\/div><div  class=\"tatsu-column  tatsu-bg-overlay tatsu-one-half tatsu-column-align-top tatsu-column-image-none tatsu-column-effect-none  tatsu-BJQp347MRi\"  data-parallax-speed=\"0\" style=\"\"><div class=\"tatsu-column-inner \" ><div class=\"tatsu-column-pad-wrap\"><div class=\"tatsu-column-pad\" ><div  class=\"tatsu-module tatsu-text-block-wrap tatsu-rJ4T34QGRo  \"><div class=\"tatsu-text-inner tatsu-align-center  clearfix\" ><style>.tatsu-rJ4T34QGRo.tatsu-text-block-wrap .tatsu-text-inner{width: 100%;text-align: left;}.tatsu-rJ4T34QGRo.tatsu-text-block-wrap{margin: 0px 0px 10px 0px;}<\/style>\n<h3>COLOR JACK-Farbf\u00e4cher<\/h3>\n<\/div><\/div><div  class=\"tatsu-module tatsu-text-block-wrap tatsu-HyH6hVXzAi  \"><div class=\"tatsu-text-inner tatsu-align-center  clearfix\" ><style>.tatsu-HyH6hVXzAi.tatsu-text-block-wrap .tatsu-text-inner{width: 100%;text-align: left;}<\/style>\n<h5>Preis: 24,37 \u20ac (zzgl. 19 % MwSt.)<\/h5>\n<\/div><\/div><div  class=\"tatsu-module tatsu-text-block-wrap tatsu-SkITn4QfCj  \"><div class=\"tatsu-text-inner tatsu-align-center  clearfix\" ><style>.tatsu-SkITn4QfCj.tatsu-text-block-wrap .tatsu-text-inner{width: 100%;text-align: left;}<\/style>\n<p>Wir bieten k\u00fcnftig verschiedene Gr\u00f6\u00dfen unserer Farbf\u00e4cher an. Als erstes wird der <strong>Mini 1.0<\/strong> mit 960 Farben produziert (siehe Produktbild links). Er ist der praktische F\u00e4cher f\u00fcr den Alltag.<br \/>Details siehe unten.<\/p>\n<\/div><\/div><div  class=\"tatsu-module tatsu-text-block-wrap tatsu-rJPphEmz0s  \"><div class=\"tatsu-text-inner tatsu-align-center  clearfix\" ><style>.tatsu-rJPphEmz0s.tatsu-text-block-wrap .tatsu-text-inner{width: 100%;text-align: left;}.tatsu-rJPphEmz0s.tatsu-text-block-wrap .tatsu-text-inner *{text-transform : none;font-size : 13px;line-height : 20px;}<\/style>\n<ul>\n<li>Lieferkosten je nach Bestellmenge ab 1,60 \u20ac.<\/li>\n<li>Lieferung europaweit<\/li>\n<\/ul>\n<\/div><\/div><div  class=\"tatsu-module tatsu-normal-button tatsu-button-wrap align-block block-left  tatsu-HJuphNQfAi   \"><a class=\"tatsu-shortcode x-largebtn tatsu-button left-icon rounded   bg-animation-none  \" href=\"mailto:info@color-jack.com?subject=Farbf\u00e4cher: bitte senden Sie mir das Bestellformular\" style= \"\"  aria-label=\"Bestellanfrage\" data-gdpr-atts={} >Bestellanfrage<\/a><style>.tatsu-HJuphNQfAi .tatsu-button{color: rgba(255,255,255,1) ;}.tatsu-HJuphNQfAi.tatsu-normal-button{margin: 20px 0px 0px 0px;}@media only screen and (min-width:768px) and (max-width: 1024px) {.tatsu-HJuphNQfAi.tatsu-normal-button{margin: 0px 0px 0px 0px;}}@media only screen and (max-width: 767px) {.tatsu-HJuphNQfAi.tatsu-normal-button{margin: 10px 0px 0px 0px;}}<\/style><\/div><\/div><\/div><div class = \"tatsu-column-bg-image-wrap\"><div class = \"tatsu-column-bg-image\" ><\/div><\/div><div class=\"tatsu-overlay tatsu-column-overlay tatsu-animate-none\" ><\/div><\/div><style>.tatsu-row > .tatsu-BJQp347MRi.tatsu-column{width: 50.1%;}.tatsu-BJQp347MRi.tatsu-column > .tatsu-column-inner > .tatsu-column-pad-wrap > .tatsu-column-pad{padding: 0px 0px 10px 0px;}.tatsu-BJQp347MRi.tatsu-column > .tatsu-column-inner > .tatsu-column-overlay{mix-blend-mode: normal;}.tatsu-BJQp347MRi > .tatsu-column-inner > .tatsu-top-divider{z-index: 9999;}.tatsu-BJQp347MRi > .tatsu-column-inner > .tatsu-bottom-divider{z-index: 9999;}.tatsu-BJQp347MRi > .tatsu-column-inner > .tatsu-left-divider{z-index: 9999;}.tatsu-BJQp347MRi > .tatsu-column-inner > .tatsu-right-divider{z-index: 9999;}@media only screen and (max-width:1377px) {.tatsu-row > .tatsu-BJQp347MRi.tatsu-column{width: 50%;}}@media only screen and (min-width:768px) and (max-width: 1024px) {.tatsu-row > .tatsu-BJQp347MRi.tatsu-column{width: 50%;}}@media only screen and (max-width: 767px) {.tatsu-row > .tatsu-BJQp347MRi.tatsu-column{width: 100%;}}<\/style><\/div><\/div><\/div><\/div><div class=\"tatsu-section-background-wrap\"><div class = \"tatsu-section-background\" ><\/div><\/div><style>.tatsu-SyphEmzRo.tatsu-section{background-color: rgba(233,228,228,1);}.tatsu-SyphEmzRo .tatsu-section-pad{padding: 40px 0px 0px 0px;}.tatsu-SyphEmzRo > .tatsu-bottom-divider{z-index: 9999;}.tatsu-SyphEmzRo > .tatsu-top-divider{z-index: 9999;}@media only screen and (max-width: 767px) {.tatsu-SyphEmzRo .tatsu-section-pad{padding: 50px 0px 0px 0px;}}<\/style><\/div><div  class=\"tatsu-SJ2d4QGAi tatsu-section    tatsu-clearfix\" data-title=\"\"  data-headerscheme=\"background--dark\"><div class='tatsu-section-pad clearfix' data-padding='{\"d\":\"90px 0px 90px 0px\",\"m\":\"50px 0px 0px 0px\"}' data-padding-top='50px'><div class=\"tatsu-row-wrap  tatsu-wrap tatsu-row-one-col tatsu-row-has-one-cols tatsu-medium-gutter tatsu-eq-cols tatsu-animate tatsu-clearfix tatsu-B1gnO4Qz0o\" data-animation=\"fadeIn\" data-animation-delay=\"100\" data-animation-duration=\"400\"><style>@media only screen and (max-width: 767px) {.tatsu-B1gnO4Qz0o.tatsu-row-wrap > .tatsu-row{padding: 0px 0px 0px 0px;}}<\/style><div  class=\"tatsu-row \" ><div  class=\"tatsu-column  tatsu-bg-overlay tatsu-one-col tatsu-column-align-top tatsu-column-image-none tatsu-column-effect-none  tatsu-Hy-3dVXfRi\"  data-parallax-speed=\"0\" style=\"\"><div class=\"tatsu-column-inner \" ><div class=\"tatsu-column-pad-wrap\"><div class=\"tatsu-column-pad\" ><div  class=\"tatsu-module tatsu-text-block-wrap tatsu-Syzhu4XfCo  \"><div class=\"tatsu-text-inner tatsu-align-center  clearfix\" ><style>.tatsu-Syzhu4XfCo.tatsu-text-block-wrap .tatsu-text-inner{width: 100%;text-align: left;}@media only screen and (max-width: 767px) {.tatsu-Syzhu4XfCo.tatsu-text-block-wrap{margin: 0px 0px 0px 0px;}}<\/style>\n<p><strong>Features Mini 1.0<br \/><\/strong><\/p>\n<ul>\n<li>Handliches Endformat (ca. 4 x 10 cm) f\u00fcr die Westentasche.<\/li>\n<li>Top Qualit\u00e4t des Papiers und des Drucks, mit der <a href=\"http:\/\/www.fogra.org\" target=\"_blank\" rel=\"noopener\">Fogra<\/a> entwickelt.<\/li>\n<li>Zwei DIN A4-Seiten zum selbst zusammenbauen, inkl. Druck\u00f6se<\/li>\n<li>Verwendbar f\u00fcr die Bereiche Interior, M\u00f6bel, Dekoration, Handwerk, Baumarkt, Mode\/Textilien, usw.<\/li>\n<li>Die Version 1.0 enth\u00e4lt 960 Farben mit visuell gleichem Abstand. Der Komplettf\u00e4cher mit hochges\u00e4ttigten Farben (Version 2.0 mit 1.020 Feldern) kann voraussichtlich Ende 2024 geliefert werden. K\u00e4ufer der Version 1.0 erhalten den F\u00e4cher 2.0 f\u00fcr ca. 9 \u20ac.<\/li>\n<li>Bisherige Farbf\u00e4cher bestehender Systeme kosten im Handel ab 160 \u20ac, beinhalten zu wenige oder zu viele schlecht abgestimmte Farben und sind viel zu gro\u00df bzw. schwer. Zudem sind diese nicht visuell gleichabst\u00e4ndig.\u00a0 Weitere Informationen senden wir gerne auf Anfrage.<\/li>\n<\/ul>\n<\/div><\/div><div  class=\"tatsu-module tatsu-divider-wrap  tatsu-rkaIKpLS0   \"  ><style>.tatsu-rkaIKpLS0 .tatsu-divider{height: 1px;width: 100%;background: #efefef;}.tatsu-rkaIKpLS0.tatsu-divider-wrap{text-align: left;}<\/style><hr class=\"tatsu-divider\"\/><\/div><div  class=\"tatsu-module tatsu-text-block-wrap tatsu-rJGOtp8S0  \"><div class=\"tatsu-text-inner tatsu-align-center  clearfix\" ><style>.tatsu-rJGOtp8S0.tatsu-text-block-wrap .tatsu-text-inner{width: 100%;text-align: left;}@media only screen and (max-width: 767px) {.tatsu-rJGOtp8S0.tatsu-text-block-wrap{margin: 0px 0px 0px 0px;}}<\/style>\n<p><strong>Zu beachten:<br \/><\/strong><\/p>\n<ul>\n<li>Der COLOR CHECK-Farbf\u00e4cher ist ein Vorserienprodukt und wird st\u00e4ndig weiterentwickelt. Zur Farbabstimmung ist er aber schon bestens geeeignet.<\/li>\n<li>Wie alle anderen Farbf\u00e4cher k\u00f6nnen wir keine Garantie auf 100 %ige Perfektion geben, aber wir gew\u00e4hrleisten h\u00f6chste Qualit\u00e4t und bestm\u00f6gliche Produktionsbedingungen.\u00a0<\/li>\n<li>Das Farbspektrum ist dreidimensional und kann in jedem zweidimensionalen Farbf\u00e4cher nicht optimal abgebildet werden. Wir bei COLOR CHECK haben entschieden, die Farben in 9 Bereiche zu unterteilen (orange, gelb, gr\u00fcn, t\u00fcrkis, blau, lila, pink, rot, neutral=farblos). Innerhalb dieser Kategorien sind die Farben von hell nach dunkel sortiert (auch wenn es oft optisch t\u00e4uschen mag). Warme und k\u00fchle Graut\u00f6ne sind den jeweiligen Farbkategorien zugeordnet, da sie tats\u00e4chlich Farbe im Sinne von &#8222;Nicht neutral&#8220; beinhalten. Weitere Fragen hierzu beantworten wir gerne.<\/li>\n<li>Um den Farbf\u00e4cher optimal zu benutzen, schauen Sie zuerst in der Farbkategorie nach, in der sie den zu bestimmenden Gegenstand vermuten. Falls dort kein passendes Farbfeld zu erkennen ist, schauen Sie in weiteren Farbkategorien. Die Farben sind so abgestimmt, dass keine wirklich fehlt. Im F\u00e4cher 2.0 wird das erwartungsgem\u00e4\u00df noch besser funktionieren, doch mit der Version 1.0 ist schon extrem viel m\u00f6glich. Neonfarbt\u00f6ne werden evtl. in einer Version 3.0 enthalten sein. Diese wurden noch nicht integriert, da die Produktion teuer und der Bedarf gerin ist.<\/li>\n<\/ul>\n<\/div><\/div><div  class=\"tatsu-module tatsu-divider-wrap  tatsu-rJtECTLB0   \"  ><style>.tatsu-rJtECTLB0 .tatsu-divider{height: 1px;width: 100%;background: #efefef;}.tatsu-rJtECTLB0.tatsu-divider-wrap{text-align: left;}<\/style><hr class=\"tatsu-divider\"\/><\/div><div  class=\"tatsu-module tatsu-text-block-wrap tatsu-SymhuNmM0i  \"><div class=\"tatsu-text-inner tatsu-align-center  clearfix\" ><style>.tatsu-SymhuNmM0i.tatsu-text-block-wrap .tatsu-text-inner{width: 100%;text-align: left;}@media only screen and (max-width: 767px) {.tatsu-SymhuNmM0i.tatsu-text-block-wrap{margin: 0px 0px 0px 0px;}}<\/style>\n<p><strong>Einsatzm\u00f6glichkeiten f\u00fcr Verbraucher<br \/><\/strong><\/p>\n<ul>\n<li>Bestimmen Sie in Ihrem Zuhause z. B. die Farbe an einem bestehenden Gegenstand und kaufen Sie im station\u00e4ren Einzelhandel oder im Internet farblich passende Produkte.<\/li>\n<li>Entdecken Sie k\u00fcnftig unsere Farbcodes an Produkten im Internet und \u00fcbersetzen Sie mit unserem F\u00e4cher die echte Farbe (Bildschirmfarben weichen oft massiv von den echten Farben ab!).<\/li>\n<li>Weitere M\u00f6glichkeiten siehe Seite <a href=\"https:\/\/color-jack.com\/de\/beispiele\/\">Beispiele<\/a>.<\/li>\n<\/ul>\n<\/div><\/div><div  class=\"tatsu-module tatsu-divider-wrap  tatsu-rkqIF6UBA   \"  ><style>.tatsu-rkqIF6UBA .tatsu-divider{height: 1px;width: 100%;background: #efefef;}.tatsu-rkqIF6UBA.tatsu-divider-wrap{text-align: left;}<\/style><hr class=\"tatsu-divider\"\/><\/div><div  class=\"tatsu-module tatsu-text-block-wrap tatsu-SkNhuEQG0j  \"><div class=\"tatsu-text-inner tatsu-align-center  clearfix\" ><style>.tatsu-SkNhuEQG0j.tatsu-text-block-wrap .tatsu-text-inner{width: 100%;text-align: left;}@media only screen and (max-width: 767px) {.tatsu-SkNhuEQG0j.tatsu-text-block-wrap{margin: 0px 0px 0px 0px;}}<\/style>\n<p><strong>Einsatzm\u00f6glichkeiten f\u00fcr Profis<br \/>\n<\/strong><\/p>\n<ul>\n<li>Als Handwerker, Architekt, Designer, usw. k\u00f6nnen Sie den COLOR JACK-Farbf\u00e4cher f\u00fcr die \u00dcbersetzung von s\u00e4mtlichen anderen Farbsystemen nutzen.<\/li>\n<li>Zus\u00e4tzlich k\u00f6nnen Sie echte Farben mit Ihren Kunden kommunizieren.<\/li>\n<li>Zusammen mit dem Farbscanner <a href=\"https:\/\/color-jack.com\/de\/tools\/color-jack-farbscanner\/\">Colorcatch Nano 2<\/a> haben Sie ein Tool mit vielen M\u00f6glichkeiten.<\/li>\n<li>K\u00fcnftig wird es auch gr\u00f6\u00dfere Profi-Farbf\u00e4cher-Varianten geben, die es noch einfacher machen. Farben zu bestimmen und zu kommunizieren.<\/li>\n<\/ul>\n<\/div><\/div><\/div><\/div><div class = \"tatsu-column-bg-image-wrap\"><div class = \"tatsu-column-bg-image\" ><\/div><\/div><div class=\"tatsu-overlay tatsu-column-overlay tatsu-animate-none\" ><\/div><\/div><style>.tatsu-row > .tatsu-Hy-3dVXfRi.tatsu-column{width: 100%;}.tatsu-Hy-3dVXfRi.tatsu-column > .tatsu-column-inner > .tatsu-column-overlay{mix-blend-mode: normal;}.tatsu-Hy-3dVXfRi > .tatsu-column-inner > .tatsu-top-divider{z-index: 9999;}.tatsu-Hy-3dVXfRi > .tatsu-column-inner > .tatsu-bottom-divider{z-index: 9999;}.tatsu-Hy-3dVXfRi > .tatsu-column-inner > .tatsu-left-divider{z-index: 9999;}.tatsu-Hy-3dVXfRi > .tatsu-column-inner > .tatsu-right-divider{z-index: 9999;}@media only screen and (max-width:1377px) {.tatsu-row > .tatsu-Hy-3dVXfRi.tatsu-column{width: 100%;}}@media only screen and (min-width:768px) and (max-width: 1024px) {.tatsu-row > .tatsu-Hy-3dVXfRi.tatsu-column{width: 100%;}}@media only screen and (max-width: 767px) {.tatsu-row > .tatsu-Hy-3dVXfRi.tatsu-column{width: 100%;}.tatsu-Hy-3dVXfRi.tatsu-column > .tatsu-column-inner > .tatsu-column-pad-wrap > .tatsu-column-pad{padding: 0px 0px 90px 0px;}}<\/style><\/div><\/div><\/div><\/div><div class=\"tatsu-section-background-wrap\"><div class = \"tatsu-section-background\" ><\/div><\/div><style>.tatsu-SJ2d4QGAi .tatsu-section-pad{padding: 90px 0px 90px 0px;}.tatsu-SJ2d4QGAi > .tatsu-bottom-divider{z-index: 9999;}.tatsu-SJ2d4QGAi > .tatsu-top-divider{z-index: 9999;}@media only screen and (max-width: 767px) {.tatsu-SJ2d4QGAi .tatsu-section-pad{padding: 50px 0px 0px 0px;}}<\/style><\/div><div id=\"artikel-bestellen\" class=\"tatsu-BJzPfFb3s tatsu-section  tatsu-bg-overlay tatsu-hide-desktop tatsu-hide-laptop tatsu-hide-tablet tatsu-hide-mobile   tatsu-clearfix\" data-title=\"\"  data-headerscheme=\"background--dark\"><div class='tatsu-section-pad clearfix' data-padding='{\"d\":\"88px 0px 90px 0px\",\"m\":\"60px 0px 60px 0px\"}' data-padding-top='60px'><div class=\"tatsu-row-wrap  tatsu-wrap tatsu-row-one-col tatsu-row-has-one-cols tatsu-medium-gutter tatsu-reg-cols  tatsu-clearfix tatsu-rkgMPGtW2s\" ><div  class=\"tatsu-row \" ><div  class=\"tatsu-column  tatsu-bg-overlay tatsu-one-col tatsu-column-image-none tatsu-column-effect-none  tatsu-HyZGvfFZns\"  data-parallax-speed=\"0\" style=\"\"><div class=\"tatsu-column-inner \" ><div class=\"tatsu-column-pad-wrap\"><div class=\"tatsu-column-pad\" ><div  class=\"tatsu-module tatsu-divider-wrap  tatsu-B1GMDzKWhj   \"  ><style>.tatsu-B1GMDzKWhj .tatsu-divider{height: 1px;width: 100%;background: rgba(0,158,227,0.5);}.tatsu-B1GMDzKWhj.tatsu-divider-wrap{text-align: left;margin: 0px 0px 0px 0px;}.tatsu-B1GMDzKWhj{padding: 0px 0 0 0;}<\/style><hr class=\"tatsu-divider\"\/><\/div><\/div><\/div><div class = \"tatsu-column-bg-image-wrap\"><div class = \"tatsu-column-bg-image\" ><\/div><\/div><div class=\"tatsu-overlay tatsu-column-overlay tatsu-animate-none\" ><\/div><\/div><style>.tatsu-row > .tatsu-HyZGvfFZns.tatsu-column{width: 100%;}.tatsu-HyZGvfFZns.tatsu-column > .tatsu-column-inner > .tatsu-column-overlay{mix-blend-mode: normal;}.tatsu-HyZGvfFZns > .tatsu-column-inner > .tatsu-top-divider{z-index: 9999;}.tatsu-HyZGvfFZns > .tatsu-column-inner > .tatsu-bottom-divider{z-index: 9999;}.tatsu-HyZGvfFZns > .tatsu-column-inner > .tatsu-left-divider{z-index: 9999;}.tatsu-HyZGvfFZns > .tatsu-column-inner > .tatsu-right-divider{z-index: 9999;}@media only screen and (max-width:1377px) {.tatsu-row > .tatsu-HyZGvfFZns.tatsu-column{width: 100%;}}@media only screen and (min-width:768px) and (max-width: 1024px) {.tatsu-row > .tatsu-HyZGvfFZns.tatsu-column{width: 100%;}}@media only screen and (max-width: 767px) {.tatsu-row > .tatsu-HyZGvfFZns.tatsu-column{width: 100%;}}<\/style><\/div><\/div><\/div><\/div><div class=\"tatsu-section-background-wrap\"><div class = \"tatsu-section-background\" ><\/div><\/div><div class=\"tatsu-overlay tatsu-section-overlay\"><\/div><style>.tatsu-BJzPfFb3s .tatsu-section-pad{padding: 88px 0px 90px 0px;}.tatsu-BJzPfFb3s .tatsu-section-offset-wrap{transform: translateY(-0px);}.tatsu-BJzPfFb3s > .tatsu-bottom-divider{z-index: 9999;}.tatsu-BJzPfFb3s > .tatsu-top-divider{z-index: 9999;}.tatsu-BJzPfFb3s .tatsu-section-overlay{mix-blend-mode: normal;}@media only screen and (max-width: 767px) {.tatsu-BJzPfFb3s .tatsu-section-pad{padding: 60px 0px 60px 0px;}}<\/style><\/div>\n","protected":false},"excerpt":{"rendered":"<div><a href=\"https:\/\/color-jack.com\/de\/tools\/color-jack-farbfaecher\/\" class=\"exp-read-more exp-read-more-underlined\">Read More<\/a><\/div>\n","protected":false},"author":2,"featured_media":0,"parent":4625,"menu_order":5,"comment_status":"closed","ping_status":"closed","template":"","meta":{"footnotes":""},"class_list":["post-7803","page","type-page","status-publish","hentry"],"_links":{"self":[{"href":"https:\/\/color-jack.com\/de\/wp-json\/wp\/v2\/pages\/7803","targetHints":{"allow":["GET"]}}],"collection":[{"href":"https:\/\/color-jack.com\/de\/wp-json\/wp\/v2\/pages"}],"about":[{"href":"https:\/\/color-jack.com\/de\/wp-json\/wp\/v2\/types\/page"}],"author":[{"embeddable":true,"href":"https:\/\/color-jack.com\/de\/wp-json\/wp\/v2\/users\/2"}],"replies":[{"embeddable":true,"href":"https:\/\/color-jack.com\/de\/wp-json\/wp\/v2\/comments?post=7803"}],"version-history":[{"count":25,"href":"https:\/\/color-jack.com\/de\/wp-json\/wp\/v2\/pages\/7803\/revisions"}],"predecessor-version":[{"id":8851,"href":"https:\/\/color-jack.com\/de\/wp-json\/wp\/v2\/pages\/7803\/revisions\/8851"}],"up":[{"embeddable":true,"href":"https:\/\/color-jack.com\/de\/wp-json\/wp\/v2\/pages\/4625"}],"wp:attachment":[{"href":"https:\/\/color-jack.com\/de\/wp-json\/wp\/v2\/media?parent=7803"}],"curies":[{"name":"wp","href":"https:\/\/api.w.org\/{rel}","templated":true}]}}