{"id":8740,"date":"2024-10-06T13:55:33","date_gmt":"2024-10-06T11:55:33","guid":{"rendered":"https:\/\/color-jack.com\/de\/?page_id=8740"},"modified":"2026-01-19T16:24:30","modified_gmt":"2026-01-19T15:24:30","slug":"agb","status":"publish","type":"page","link":"https:\/\/color-jack.com\/de\/agb\/","title":{"rendered":"AGB"},"content":{"rendered":"<div  class=\"tatsu-hucxpcer48c6bqaq tatsu-section  tatsu-bg-overlay   tatsu-clearfix\" data-title=\"\"  data-headerscheme=\"background--dark\"><div class='tatsu-section-pad clearfix' data-padding='{\"d\":\"90px 0px 90px 0px\"}' data-padding-top='90px'><div class=\"tatsu-row-wrap  tatsu-wrap tatsu-row-one-col tatsu-row-has-one-cols tatsu-medium-gutter tatsu-reg-cols  tatsu-clearfix tatsu-hucxpcer6caeasla\" ><div  class=\"tatsu-row \" ><div  class=\"tatsu-column  tatsu-bg-overlay tatsu-one-col tatsu-column-image-none tatsu-column-effect-none  tatsu-hucxpcer896j2low\"  data-parallax-speed=\"0\" style=\"\"><div class=\"tatsu-column-inner \" ><div class=\"tatsu-column-pad-wrap\"><div class=\"tatsu-column-pad\" ><div  class=\"tatsu-module tatsu-text-block-wrap tatsu-H1neVbxJkx  \"><div class=\"tatsu-text-inner tatsu-align-center  clearfix\" ><style>.tatsu-H1neVbxJkx.tatsu-text-block-wrap .tatsu-text-inner{width: 100%;text-align: left;}<\/style><h1><strong>Allgemeine Gesch\u00e4ftsbedingungen der COLOR CHECK GMBH<\/strong><\/h1><\/div><\/div><div  class=\"tatsu-module tatsu-text-block-wrap tatsu-hucxpcer9x4bqihv  \"><div class=\"tatsu-text-inner tatsu-align-center  clearfix\" ><style>.tatsu-hucxpcer9x4bqihv.tatsu-text-block-wrap .tatsu-text-inner{width: 100%;text-align: left;}<\/style><p><\/p>\n<p><\/p>\n<p><\/p>\n<p>\u00a0<\/p>\n<p><strong>\u00a71 Geltung gegen\u00fcber Kunden und Begriffsdefinitionen<\/strong><\/p>\n<p>(1) Die nachfolgenden Allgemeinen Gesch\u00e4ftbedingungen gelten f\u00fcr alle Lieferungen zwischen uns und einem Gesch\u00e4fts-Kunden &#8211; nachfolgend &#8222;Kunde&#8220; genannt &#8211; mit Gewerbeschein (B2B) in ihrer zum Zeitpunkt der Bestellung g\u00fcltigen Fassung.<\/p>\n<p><\/p>\n<p><\/p>\n<p><strong>\u00a72 Zustandekommen eines Vertrages, Speicherung des Vertragstextes<\/strong><\/p>\n<p>(1) Die folgenden Regelungen \u00fcber den Vertragsabschluss gelten f\u00fcr Bestellungen \u00fcber unsere Website oder \u00fcber pers\u00f6nliche Bestellungen.<\/p>\n<p>(2) Im Falle des Vertragsschlusses kommt der Vertrag mit der<\/p>\n<p><\/p>\n<p><\/p>\n<p>COLOR CHECK GMBH<br \/>Udo Kamp<br \/>Osternacher Stra\u00dfe 7 b<br \/>D-83209 Prien<\/p>\n<p>zustande.<\/p>\n<p>(3) Die Pr\u00e4sentation der Waren auf unserer Website stellt kein rechtlich bindendes Vertragsangebot unsererseits dar, sondern sind ist eine unverbindliche Aufforderung an den Kunden, Waren zu bestellen. Mit der Bestellung der gew\u00fcnschten Ware gibt der Kunde ein f\u00fcr ihn verbindliches Angebot auf Abschluss eines Kaufvertrages ab.<\/p>\n<p><\/p>\n<p><\/p>\n<p>(4) Die Bestellung erfolgt in folgenden Schritten:<\/p>\n<p><\/p>\n<p><\/p>\n<p>a) Auswahl der gew\u00fcnschten Ware durch den Kunden<br \/>b) Erhalt unserer Informationen per Mail durch Anklicken der Anfrage-Buttons<br \/>c) Pr\u00fcfung der Bestelldetails und der Rechnung durch den Kunden<br \/>d) Bet\u00e4tigung des Kaufs durch \u00dcberweisung des Rechnungsbetrags vom Kunden<\/p>\n<p>(5) Die AGB k\u00f6nnen vom Kunden jederzeit unter https:\/\/color-jack.com\/de\/agb\/ eingesehen werden. Bestelldaten sind aus Sicherheitsgr\u00fcnden nicht \u00fcber das Internet zug\u00e4nglich.<\/p>\n<p><\/p>\n<p><\/p>\n<p><strong>\u00a73 Preise, Versandkosten, Zahlung, F\u00e4lligkeit<\/strong><\/p>\n<p>(1) Die angegebenen Preise enthalten die gesetzliche Umsatzsteuer und sonstige Preisbestandteile. Hinzu kommen etwaige Versandkosten.<\/p>\n<p>(2) Der Kunde hat die M\u00f6glichkeit der Zahlung per Vorkasse oder via PayPal.<\/p>\n<p>(3) Hat der Kunde die Zahlung per Vorkasse gew\u00e4hlt, so verpflichtet er sich, den Kaufpreis unverz\u00fcglich nach Vertragsschluss zu zahlen.<\/p>\n<p><\/p>\n<p><\/p>\n<p><strong>\u00a74 Lieferung<\/strong><\/p>\n<p>(1) Sofern wir dies in der Produktbeschreibung nicht deutlich anders angegeben haben, sind alle von uns angebotenen Artikel versandfertig. Die Lieferung erfolgt hier sp\u00e4testen innerhalb von 10 Werktagen. Dabei beginnt die Frist f\u00fcr die Lieferung im Falle der Zahlung per Vorkasse am Tag nach Zahlungsauftrag an die mit der \u00dcberweisung beauftragte Bank und bei allen anderen Zahlungsarten am Tag nach Vertragsschluss zu laufen. F\u00e4llt das Fristende auf einen Samstag, Sonntag oder gesetzlichen Feiertag am Lieferort, so endet die Frist am n\u00e4chsten Werktag.<\/p>\n<p><\/p>\n<p><\/p>\n<p>(2) Die Gefahr des zuf\u00e4lligen Untergangs und der zuf\u00e4lligen Verschlechterung der verkauften Sache geht auch beim Versendungskauf erst mit der \u00dcbergabe der Sache an den Kunden auf diesen \u00fcber.<\/p>\n<p><\/p>\n<p><\/p>\n<p><strong>\u00a75 Eigentumsvorbehalt<\/strong><\/p>\n<p>Wir behalten uns das Eigentum an der Ware bis zur vollst\u00e4ndigen Bezahlung des Kaufpreises vor.<\/p>\n<p><\/p>\n<p><\/p>\n<p><strong>\u00a76 Widerrufsrecht des Kunden<\/strong><\/p>\n<p>Der Kunde hat das Recht, binnen vierzehn Tagen ohne Angabe von Gr\u00fcnden diesen Vertrag zu widerrufen, sofern sich die Ware unge\u00f6ffnet in der unbesch\u00e4digten Originalverpackung befindet.<br \/>Die Widerrufsfrist betr\u00e4gt vierzehn Tage, ab dem Tag, an dem der Kunde oder ein von ihm benannter Dritter, der nicht der Bef\u00f6rderer ist, die Waren in Besitz genommen hat.<\/p>\n<p><\/p>\n<p><\/p>\n<p>Um das Widerrufsrecht auszu\u00fcben, muss der Kunde uns schriftlich mittels einer eindeutigen Erkl\u00e4rung (z. B. ein mit der Post versandter Brief, Telefax oder E-Mail) \u00fcber den Entschluss, diesen Vertrag zu widerrufen, informieren.<\/p>\n<p><\/p>\n<p><\/p>\n<p>Widerrufsfolgen:<br \/>Wenn der Kunde diesen Vertrag widerruft, haben wir ihm die Zahlungen, die wir von ihm erhalten haben, exklusive der Lieferkosten unverz\u00fcglich und sp\u00e4testens binnen vierzehn Tagen ab dem Tag zur\u00fcckzuzahlen, an dem die Mitteilung \u00fcber den Widerruf des Kunden dieses Vertrags bei uns eingegangen ist. F\u00fcr diese R\u00fcckzahlung verwenden wir dasselbe Zahlungsmittel, das der Kunde bei der urspr\u00fcnglichen Transaktion eingesetzt hat, es sei denn, mit dem Kunden wurde ausdr\u00fccklich etwas anderes vereinbart; in keinem Fall werden wegen dieser R\u00fcckzahlung Entgelte berechnet.<\/p>\n<p class=\"wp-block-code\">Wir k\u00f6nnen die R\u00fcckzahlung verweigern, bis wir die Ware wieder zur\u00fcckerhalten haben oder bis der Kunde den Nachweise erbracht hat, dass er die Waren zur\u00fcckgesendet hat, je nachdem, welches der fr\u00fchere Zeitpunkt ist.<\/p>\n<p>Der Kunde hat die Waren unverz\u00fcglich und in jedem Fall sp\u00e4testens binnen vierzehn Tagen ab dem Tag, an dem der Kunde uns \u00fcber den Widerruf dieses Vertrages unterrichtet, an uns auf eigene Kosten versichert und unversehrt zur\u00fcckzusenen oder zu \u00fcbergeben. Die Frist ist gewahrt, wenn der Kunde die Waren vor Ablauf der Frist von vierzehn Tagen absendet.<\/p>\n<p><\/p>\n<p><\/p>\n<p><\/p>\n<p><\/p>\n<p><\/p>\n<p><\/p>\n<p><strong>\u00a77 Gew\u00e4hrleistung<\/strong><\/p>\n<p><\/p>\n<p><\/p>\n<p>Es gelten die gesetzlichen Gew\u00e4hrleistungsregelungen.<\/p>\n<p><\/p>\n<p><\/p>\n<p><strong>\u00a78 Vertragssprache<\/strong><\/p>\n<p><\/p>\n<p><\/p>\n<p>Als Vertragssprache steht ausschlie\u00dflich Deutsch zur Verf\u00fcgung.<\/p>\n<p>\u00a0<\/p>\n<p><\/p>\n<p><\/p>\n<p>Stand der AGB: 1.10.2024<\/p>\n<p><\/p>\n<p><\/p>\n<p><em><a href=\"http:\/\/www.agb.de\">AGB<\/a> erstellt von agb.de<\/em><\/p>\n<p><\/p><\/div><\/div><\/div><\/div><div class = \"tatsu-column-bg-image-wrap\"><div class = \"tatsu-column-bg-image\" ><\/div><\/div><div class=\"tatsu-overlay tatsu-column-overlay tatsu-animate-none\" ><\/div><\/div><style>.tatsu-row > .tatsu-hucxpcer896j2low.tatsu-column{width: 100%;}.tatsu-hucxpcer896j2low.tatsu-column > .tatsu-column-inner > .tatsu-column-overlay{mix-blend-mode: normal;}.tatsu-hucxpcer896j2low > .tatsu-column-inner > .tatsu-top-divider{z-index: 9999;}.tatsu-hucxpcer896j2low > .tatsu-column-inner > .tatsu-bottom-divider{z-index: 9999;}.tatsu-hucxpcer896j2low > .tatsu-column-inner > .tatsu-left-divider{z-index: 9999;}.tatsu-hucxpcer896j2low > .tatsu-column-inner > .tatsu-right-divider{z-index: 9999;}<\/style><\/div><\/div><\/div><\/div><div class=\"tatsu-section-background-wrap\"><div class = \"tatsu-section-background\" ><\/div><\/div><div class=\"tatsu-overlay tatsu-section-overlay\"><\/div><style>.tatsu-hucxpcer48c6bqaq .tatsu-section-pad{padding: 90px 0px 90px 0px;}.tatsu-hucxpcer48c6bqaq > .tatsu-bottom-divider{z-index: 9999;}.tatsu-hucxpcer48c6bqaq > .tatsu-top-divider{z-index: 9999;}.tatsu-hucxpcer48c6bqaq .tatsu-section-overlay{mix-blend-mode: normal;}<\/style><\/div>","protected":false},"excerpt":{"rendered":"<div><a href=\"https:\/\/color-jack.com\/de\/agb\/\" class=\"exp-read-more exp-read-more-underlined\">Read More<\/a><\/div>\n","protected":false},"author":2,"featured_media":0,"parent":0,"menu_order":12,"comment_status":"closed","ping_status":"closed","template":"","meta":{"footnotes":""},"class_list":["post-8740","page","type-page","status-publish","hentry"],"_links":{"self":[{"href":"https:\/\/color-jack.com\/de\/wp-json\/wp\/v2\/pages\/8740","targetHints":{"allow":["GET"]}}],"collection":[{"href":"https:\/\/color-jack.com\/de\/wp-json\/wp\/v2\/pages"}],"about":[{"href":"https:\/\/color-jack.com\/de\/wp-json\/wp\/v2\/types\/page"}],"author":[{"embeddable":true,"href":"https:\/\/color-jack.com\/de\/wp-json\/wp\/v2\/users\/2"}],"replies":[{"embeddable":true,"href":"https:\/\/color-jack.com\/de\/wp-json\/wp\/v2\/comments?post=8740"}],"version-history":[{"count":37,"href":"https:\/\/color-jack.com\/de\/wp-json\/wp\/v2\/pages\/8740\/revisions"}],"predecessor-version":[{"id":8821,"href":"https:\/\/color-jack.com\/de\/wp-json\/wp\/v2\/pages\/8740\/revisions\/8821"}],"wp:attachment":[{"href":"https:\/\/color-jack.com\/de\/wp-json\/wp\/v2\/media?parent=8740"}],"curies":[{"name":"wp","href":"https:\/\/api.w.org\/{rel}","templated":true}]}}